{"id":50,"date":"2023-07-26T11:45:33","date_gmt":"2023-07-26T09:45:33","guid":{"rendered":"https:\/\/aid-foundation.dev.hayloft-it.ch\/?page_id=50"},"modified":"2026-01-06T15:02:57","modified_gmt":"2026-01-06T14:02:57","slug":"eventkalender","status":"publish","type":"page","link":"https:\/\/aid-foundation.com\/it\/calendario-eventi\/","title":{"rendered":"Calendario degli eventi"},"content":{"rendered":"<div class=\"wp-block-group alignwide page-intro is-layout-constrained wp-block-group-is-layout-constrained\">\n<h5 class=\"wp-block-heading alignwide has-primary-color has-text-color\">CALENDARIO EVENTI<\/h5>\n\n\n\n<h1 class=\"wp-block-heading alignwide\">Gli eventi in sintesi: Scoprite i punti salienti del nostro calendario eventi<\/h1>\n\n\n\n<div class=\"wp-block-buttons is-layout-flex wp-block-buttons-is-layout-flex\"><\/div>\n<\/div>\n\n\n<div class=\"alignwide block-events block-1a4be1bbf7d121642d91cc385cfa3f72 alignwide wp-block-acf-events\">\n    <turbo-frame id=\"events\" data-turbo=\"true\">\n                    <div class=\"event_categories--container alignwide block-events block-1a4be1bbf7d121642d91cc385cfa3f72 alignwide wp-block-acf-events\">\n                <ul class=\"event_categories\">\n                    <li class=\"cat-item\">\n                        <a class=\"cat-item__link is-active\"\n                           href=\"\/it\/wp-json\/wp\/v2\/pages\/50\"\n                           data-turbo-frame=\"_self\"\n                        >Tutti<\/a>\n                    <\/li>\n                                            <li class=\"cat-item\">\n                            <a class=\"cat-item__link\"\n                               href=\"\/it\/wp-json\/wp\/v2\/pages\/50?kategorie=mentorenprogramm\"\n                               data-turbo-frame=\"_self\"\n                            >Mentoring<\/a>\n                        <\/li>\n                                            <li class=\"cat-item\">\n                            <a class=\"cat-item__link\"\n                               href=\"\/it\/wp-json\/wp\/v2\/pages\/50?kategorie=symposium\"\n                               data-turbo-frame=\"_self\"\n                            >Aiutare la mia generazione Simposio<\/a>\n                        <\/li>\n                                            <li class=\"cat-item\">\n                            <a class=\"cat-item__link\"\n                               href=\"\/it\/wp-json\/wp\/v2\/pages\/50?kategorie=aid-symposium\"\n                               data-turbo-frame=\"_self\"\n                            >Simposio AID<\/a>\n                        <\/li>\n                                    <\/ul>\n            <\/div>\n                <ul class=\"events-list\">\n                            <li class=\"event-item\">\n                    <div class=\"event-container\">\n                        <div class=\"row\">\n                            <div class=\"col-sm-12 col-tablet-2 col-desktop-2 date-container\">\n                                                                    <div class=\"date-container__date\">\n                                        <h2>22<\/h2>\n                                    <\/div>\n                                    <p class=\"date-container__month\">Gennaio 2026<\/p>\n                                                            <\/div>\n                            <div class=\"col-sm-12 col-tablet-6 col-desktop-7 information-container\">\n                                                                    <h6 class=\"subtitle\">Mentoring<\/h6>\n                                                                <h3>Mentoring Dr. Ramel \/ Dr. Meyenberg  \/ ZT Pietrobon<\/h3>\n                                                                    <strong class=\"dates\">\n                                        Daten: 22.01.2026 | 04.06.2026 | 24.09.2026 | 19.11.2026                                    <\/strong>\n                                                                <p>Dieser Kurs ist ausgebucht.<\/p>\n                            <\/div>\n                                                    <\/div>\n                    <\/div>\n                <\/li>\n                            <li class=\"event-item\">\n                    <div class=\"event-container\">\n                        <div class=\"row\">\n                            <div class=\"col-sm-12 col-tablet-2 col-desktop-2 date-container\">\n                                                                    <div class=\"date-container__date\">\n                                        <h2>10<\/h2>\n                                    <\/div>\n                                    <p class=\"date-container__month\">Febbraio 2026<\/p>\n                                                            <\/div>\n                            <div class=\"col-sm-12 col-tablet-6 col-desktop-7 information-container\">\n                                                                    <h6 class=\"subtitle\">Mentoring<\/h6>\n                                                                <h3>Mentoring mit Dr. Hitz &#038; Dr. Lauber (Region Ostschweiz)<\/h3>\n                                                                    <strong class=\"dates\">\n                                        Daten: 10.02.2026 | 05.05.2026 | 22.09.2026 | 03.11.2026                                    <\/strong>\n                                                                <p>Derzeit steht das Mentorenprogramm ausschliesslich in deutscher Sprache zur Verf\u00fcgung.<\/p>\n                            <\/div>\n                                                            <div class=\"col-sm-12 col-tablet-4 col-desktop-3 button-container\">\n                                    <div class=\"wp-block-button is-style-fill\">\n                                        <a href=\"https:\/\/aid-foundation.com\/it\/event\/dr-hitz-dr-lauber-occasione-1-3\/\" class=\"wp-block-button__link\" target=\"_self\">\n                                            Per saperne di pi\u00f9                                        <\/a>\n                                    <\/div>\n                                <\/div>\n                                                    <\/div>\n                    <\/div>\n                <\/li>\n                            <li class=\"event-item\">\n                    <div class=\"event-container\">\n                        <div class=\"row\">\n                            <div class=\"col-sm-12 col-tablet-2 col-desktop-2 date-container\">\n                                                                    <div class=\"date-container__date\">\n                                        <h2>03<\/h2>\n                                    <\/div>\n                                    <p class=\"date-container__month\">Marzo 2026<\/p>\n                                                            <\/div>\n                            <div class=\"col-sm-12 col-tablet-6 col-desktop-7 information-container\">\n                                                                    <h6 class=\"subtitle\">Mentoring<\/h6>\n                                                                <h3>Mentoring mit Dr. Grunder &#038; Dr. Schneider (Region Z\u00fcrich)<\/h3>\n                                                                    <strong class=\"dates\">\n                                        Daten: 03.03.2026 | 12.05.2026 | 22.09.2026 | 03.11.2026                                    <\/strong>\n                                                                <p>Ausgebucht!<\/p>\n                            <\/div>\n                                                    <\/div>\n                    <\/div>\n                <\/li>\n                            <li class=\"event-item\">\n                    <div class=\"event-container\">\n                        <div class=\"row\">\n                            <div class=\"col-sm-12 col-tablet-2 col-desktop-2 date-container\">\n                                                                    <div class=\"date-container__date\">\n                                        <h2>21<\/h2>\n                                    <\/div>\n                                    <p class=\"date-container__month\">Maggio 2026<\/p>\n                                                            <\/div>\n                            <div class=\"col-sm-12 col-tablet-6 col-desktop-7 information-container\">\n                                                                    <h6 class=\"subtitle\">Aiutare la mia generazione Simposio<\/h6>\n                                                                <h3>AID my Generation Symposium 2026<\/h3>\n                                                                <p>\u201ePink. White. Wow.\u201c Weichgewebe formen.\u00a0Kronen perfektionieren. Im Team gewinnen.<\/p>\n                            <\/div>\n                                                            <div class=\"col-sm-12 col-tablet-4 col-desktop-3 button-container\">\n                                    <div class=\"wp-block-button is-style-fill\">\n                                        <a href=\"https:\/\/aid-foundation.com\/it\/event\/assemblea-generale-conferenza-annuale-aiuti-2024-2\/\" class=\"wp-block-button__link\" target=\"_self\">\n                                            Per saperne di pi\u00f9                                        <\/a>\n                                    <\/div>\n                                <\/div>\n                                                    <\/div>\n                    <\/div>\n                <\/li>\n                            <li class=\"event-item\">\n                    <div class=\"event-container\">\n                        <div class=\"row\">\n                            <div class=\"col-sm-12 col-tablet-2 col-desktop-2 date-container\">\n                                                                    <div class=\"date-container__date\">\n                                        <h2>20<\/h2>\n                                    <\/div>\n                                    <p class=\"date-container__month\">Ottobre 2026<\/p>\n                                                            <\/div>\n                            <div class=\"col-sm-12 col-tablet-6 col-desktop-7 information-container\">\n                                                                    <h6 class=\"subtitle\">Simposio AID<\/h6>\n                                                                <h3>6. AID Symposium \/ Mitgliederversammlung<\/h3>\n                                                                <p>Thema: tba<\/p>\n                            <\/div>\n                                                    <\/div>\n                    <\/div>\n                <\/li>\n                    <\/ul>\n                    <\/turbo-frame>\n<\/div>\n\n\n<p>Qui potete trovare tutte le attivit\u00e0 della sezione italiana, FONDAZIONE AID-ALLIANCE 2026:<\/p>\n\n\n\n<div class=\"wp-block-buttons is-layout-flex wp-block-buttons-is-layout-flex\">\n<div class=\"wp-block-button\"><a class=\"wp-block-button__link wp-element-button\" href=\"https:\/\/aid-foundation.com\/wp-content\/uploads\/2026\/01\/AID_attivita2026.pdf\" target=\"_blank\" rel=\"noreferrer noopener\">FOndazione aid-alliance Attivit\u00e0\/aktivit\u00e4ten 2026<\/a><\/div>\n<\/div>\n\n\n\n<div class=\"wp-block-buttons is-layout-flex wp-block-buttons-is-layout-flex\"><\/div>\n\n\n\n<div style=\"height:100px\" aria-hidden=\"true\" class=\"wp-block-spacer\"><\/div>\n\n\n\n<div class=\"wp-block-buttons is-layout-flex wp-block-buttons-is-layout-flex\"><\/div>\n\n\n\n<div class=\"wp-block-buttons is-layout-flex wp-block-buttons-is-layout-flex\"><\/div>\n\n\n\n<p>Per iscriversi ai corsi della Fondazione AID-Alliance in Italia, si prega di contattare il proprio responsabile regionale.<\/p>\n\n\n\n<div style=\"height:100px\" aria-hidden=\"true\" class=\"wp-block-spacer\"><\/div>","protected":false},"excerpt":{"rendered":"<p>EVENTKALENDER Events im \u00dcberblick: Entdecke spannende Highlights in unserem Eventkalender Hier finden Sie alle Aktivit\u00e4ten der italienischen Sektion, FONDAZIONE AID-ALLIANCE 2026: Um sich f\u00fcr die Kurse der Fondazione AID-Alliance in Italien anzumelden, wenden Sie sich bitte an Ihren Sales Manager.<\/p>","protected":false},"author":1,"featured_media":0,"parent":0,"menu_order":0,"comment_status":"closed","ping_status":"closed","template":"","meta":{"footnotes":""},"acf":[],"_links":{"self":[{"href":"https:\/\/aid-foundation.com\/it\/wp-json\/wp\/v2\/pages\/50"}],"collection":[{"href":"https:\/\/aid-foundation.com\/it\/wp-json\/wp\/v2\/pages"}],"about":[{"href":"https:\/\/aid-foundation.com\/it\/wp-json\/wp\/v2\/types\/page"}],"author":[{"embeddable":true,"href":"https:\/\/aid-foundation.com\/it\/wp-json\/wp\/v2\/users\/1"}],"replies":[{"embeddable":true,"href":"https:\/\/aid-foundation.com\/it\/wp-json\/wp\/v2\/comments?post=50"}],"version-history":[{"count":31,"href":"https:\/\/aid-foundation.com\/it\/wp-json\/wp\/v2\/pages\/50\/revisions"}],"predecessor-version":[{"id":2565,"href":"https:\/\/aid-foundation.com\/it\/wp-json\/wp\/v2\/pages\/50\/revisions\/2565"}],"wp:attachment":[{"href":"https:\/\/aid-foundation.com\/it\/wp-json\/wp\/v2\/media?parent=50"}],"curies":[{"name":"wp","href":"https:\/\/api.w.org\/{rel}","templated":true}]}}