{"id":48,"date":"2023-07-26T11:45:19","date_gmt":"2023-07-26T09:45:19","guid":{"rendered":"https:\/\/aid-foundation.dev.hayloft-it.ch\/?page_id=48"},"modified":"2026-03-30T08:49:56","modified_gmt":"2026-03-30T06:49:56","slug":"ueber-uns","status":"publish","type":"page","link":"https:\/\/aid-foundation.com\/it\/su-di-noi\/","title":{"rendered":"Chi siamo"},"content":{"rendered":"<div class=\"wp-block-media-text alignfull has-media-on-the-right is-stacked-on-mobile is-vertically-aligned-bottom hero-with-offset-text\"><div class=\"wp-block-media-text__content\">\n<h1 class=\"wp-block-heading is-style-tagline\">Informazioni sulla fondazione aid<\/h1>\n\n\n\n<p>L'AID mette in rete i professionisti dell'implantologia orale per condividere le conoscenze tra generazioni.<\/p>\n<\/div><figure class=\"wp-block-media-text__media\" data-no-zoom=\"true\"><img decoding=\"async\" loading=\"lazy\" width=\"1024\" height=\"683\" src=\"https:\/\/aid-foundation.com\/wp-content\/uploads\/2023\/08\/head-ueber-uns-1-1024x683.webp\" alt=\"\" class=\"wp-image-612 size-full\" srcset=\"https:\/\/aid-foundation.com\/wp-content\/uploads\/2023\/08\/head-ueber-uns-1-1024x683.webp 1024w, https:\/\/aid-foundation.com\/wp-content\/uploads\/2023\/08\/head-ueber-uns-1-300x200.webp 300w, https:\/\/aid-foundation.com\/wp-content\/uploads\/2023\/08\/head-ueber-uns-1-768x512.webp 768w, https:\/\/aid-foundation.com\/wp-content\/uploads\/2023\/08\/head-ueber-uns-1-1536x1024.webp 1536w, https:\/\/aid-foundation.com\/wp-content\/uploads\/2023\/08\/head-ueber-uns-1-18x12.webp 18w, https:\/\/aid-foundation.com\/wp-content\/uploads\/2023\/08\/head-ueber-uns-1.png 1600w\" sizes=\"(max-width: 1024px) 100vw, 1024px\" \/><\/figure><\/div>\n\n\n\n<ul class=\"fixed-anchor-navigation alignfull\">\n<li><a href=\"#unsere-ziele\" data-type=\"internal\" data-id=\"#unsere-ziele\">I nostri obiettivi<\/a><\/li>\n\n\n\n<li><a href=\"#mission\" data-type=\"internal\" data-id=\"#unsere-ziele\">Missione<\/a><\/li>\n\n\n\n<li><a href=\"#werte\" data-type=\"internal\" data-id=\"#unsere-ziele\">Valori<\/a><\/li>\n\n\n\n<li><a href=\"#stiftungsrat\">Consiglio di fondazione<\/a><\/li>\n\n\n\n<li><a href=\"#kommissionen\">Commissioni<\/a><\/li>\n<\/ul>\n\n\n\n<div class=\"wp-block-group alignwide is-layout-flow wp-block-group-is-layout-flow\">\n<h2 class=\"wp-block-heading is-style-h3\" id=\"unsere-ziele\">I nostri obiettivi<\/h2>\n\n\n\n<ul class=\"is-style-plus has-medium-large-font-size\">\n<li>Promuoviamo il trasferimento di conoscenze da parte di professionisti esperti alle generazioni future.<\/li>\n\n\n\n<li>Siamo impegnati nella ricerca preclinica e clinica per far progredire le conoscenze in aree selezionate dell'implantologia orale.<\/li>\n\n\n\n<li>Investiamo per migliorare le informazioni ai pazienti.<\/li>\n<\/ul>\n\n\n\n<div style=\"height:100px\" aria-hidden=\"true\" class=\"wp-block-spacer is-style-normal\"><\/div>\n\n\n\n<figure data-no-zoom=\"true\" class=\"wp-block-image size-large\"><img decoding=\"async\" loading=\"lazy\" width=\"1024\" height=\"683\" src=\"https:\/\/aid-foundation.com\/wp-content\/uploads\/2023\/08\/mitgliedschaft-1-1024x683.webp\" alt=\"\" class=\"wp-image-617\" srcset=\"https:\/\/aid-foundation.com\/wp-content\/uploads\/2023\/08\/mitgliedschaft-1-1024x683.webp 1024w, https:\/\/aid-foundation.com\/wp-content\/uploads\/2023\/08\/mitgliedschaft-1-300x200.webp 300w, https:\/\/aid-foundation.com\/wp-content\/uploads\/2023\/08\/mitgliedschaft-1-768x512.webp 768w, https:\/\/aid-foundation.com\/wp-content\/uploads\/2023\/08\/mitgliedschaft-1-1536x1024.webp 1536w, https:\/\/aid-foundation.com\/wp-content\/uploads\/2023\/08\/mitgliedschaft-1-2048x1365.webp 2048w, https:\/\/aid-foundation.com\/wp-content\/uploads\/2023\/08\/mitgliedschaft-1-18x12.webp 18w\" sizes=\"(max-width: 1024px) 100vw, 1024px\" \/><\/figure>\n\n\n\n<div style=\"height:100px\" aria-hidden=\"true\" class=\"wp-block-spacer is-style-large\"><\/div>\n\n\n\n<h2 class=\"wp-block-heading is-style-h3\" id=\"mission\">La nostra missione<\/h2>\n\n\n\n<div class=\"wp-block-columns is-layout-flex wp-container-3 wp-block-columns-is-layout-flex\">\n<div class=\"wp-block-column is-layout-flow wp-block-column-is-layout-flow\">\n<p class=\"has-medium-font-size\">Le conoscenze acquisite nel corso di una vita professionale non devono andare perse, ma devono essere trasmesse alle nuove generazioni: questa \u00e8 la nostra convinzione, perch\u00e9 non si ripetano gli stessi errori di trattamento. A tal fine, offriamo programmi di coaching e mentoring e organizziamo eventi di formazione continua rivolti alle nuove generazioni. I dati clinici sugli impianti dentali sono stati raccolti, analizzati e pubblicati per oltre quarant'anni. L'esperienza clinica dell'implantologia orale \u00e8 ben documentata. <\/p>\n<\/div>\n\n\n\n<div class=\"wp-block-column is-layout-flow wp-block-column-is-layout-flow\">\n<p class=\"has-medium-font-size\">Tuttavia, riteniamo che non tutte le domande relative al trattamento ottimale dei pazienti abbiano ricevuto una risposta sufficiente. Identifichiamo le domande che possono migliorare il processo di cura e il successo del trattamento. Per rispondere a queste domande, avviamo studi preclinici e clinici in collaborazione con universit\u00e0, istituti superiori e studi privati. L'implantologia orale \u00e8 un mercato competitivo. Ci impegniamo a fornire ai pazienti informazioni sulle possibilit\u00e0 e sui limiti dell'implantologia orale in modo svincolato da interessi commerciali.<\/p>\n<\/div>\n<\/div>\n\n\n\n<div style=\"height:100px\" aria-hidden=\"true\" class=\"wp-block-spacer is-style-large\"><\/div>\n\n\n\n<h2 class=\"wp-block-heading is-style-h3\" id=\"werte\">I nostri valori<\/h2>\n\n\n\n<p class=\"has-medium-large-font-size\"><strong>Cinque valori comuni sono alla base del nostro lavoro:<\/strong><\/p>\n\n\n\n<ul class=\"is-style-plus has-medium-large-font-size\">\n<li>Agire in modo visibile<\/li>\n\n\n\n<li>Investire nelle persone<\/li>\n\n\n\n<li>Creare relazioni<\/li>\n\n\n\n<li>Siate curiosi e mettete in discussione lo status quo<\/li>\n\n\n\n<li>Imparare e migliorare continuamente<\/li>\n<\/ul>\n\n\n\n<div style=\"height:100px\" aria-hidden=\"true\" class=\"wp-block-spacer is-style-large\"><\/div>\n<\/div>\n\n\n\n<div class=\"wp-block-group alignwide is-layout-flow wp-block-group-is-layout-flow\">\n<h2 class=\"wp-block-heading is-style-h3\" id=\"stiftungsrat\">Consiglio di fondazione<\/h2>\n\n\n\n<div class=\"align block-consultants block-239980bf6a90eaef25b184955b781eba wp-block-acf-consultants\">\n                <div class=\"consultant-container\">\n                <div class=\"image-container\">\n                    <img decoding=\"async\" src=\"https:\/\/aid-foundation.com\/wp-content\/uploads\/2023\/10\/goran-benic-stiftungsrat.jpg\">\n                <\/div>\n                <div class=\"consultant-information\">\n                    <h4>Prof. Dr. med. dent. Goran Benic<\/h4>\n                                            <p class=\"job-title\">Presidente<\/p>\n                    \n                                    <\/div>\n            <\/div>\n                <div class=\"consultant-container\">\n                <div class=\"image-container\">\n                    <img decoding=\"async\" src=\"https:\/\/aid-foundation.com\/wp-content\/uploads\/2023\/08\/Claude-Andreoni.jpg\">\n                <\/div>\n                <div class=\"consultant-information\">\n                    <h4>Dr. med. dent. Claude Andreoni<\/h4>\n                    \n                                    <\/div>\n            <\/div>\n                <div class=\"consultant-container\">\n                <div class=\"image-container\">\n                    <img decoding=\"async\" src=\"https:\/\/aid-foundation.com\/wp-content\/uploads\/2024\/03\/stefan-bienz.jpg\">\n                <\/div>\n                <div class=\"consultant-information\">\n                    <h4>Dr. med. dent. Stefan Bienz<\/h4>\n                    \n                                    <\/div>\n            <\/div>\n                <div class=\"consultant-container\">\n                <div class=\"image-container\">\n                    <img decoding=\"async\" src=\"https:\/\/aid-foundation.com\/wp-content\/uploads\/2023\/10\/Grande_Vincenzo.png\">\n                <\/div>\n                <div class=\"consultant-information\">\n                    <h4>Vincenzo Grande<\/h4>\n                    \n                                    <\/div>\n            <\/div>\n                <div class=\"consultant-container\">\n                <div class=\"image-container\">\n                    <img decoding=\"async\" src=\"https:\/\/aid-foundation.com\/wp-content\/uploads\/2023\/08\/ueli-grunder.jpg\">\n                <\/div>\n                <div class=\"consultant-information\">\n                    <h4>Dr. med. dent. Ueli Grunder<\/h4>\n                    \n                                    <\/div>\n            <\/div>\n                <div class=\"consultant-container\">\n                <div class=\"image-container\">\n                    <img decoding=\"async\" src=\"https:\/\/aid-foundation.com\/wp-content\/uploads\/2024\/03\/dr-hitz.jpg\">\n                <\/div>\n                <div class=\"consultant-information\">\n                    <h4>Dr. med. dent. Thomas Hitz<\/h4>\n                    \n                                    <\/div>\n            <\/div>\n                <div class=\"consultant-container\">\n                <div class=\"image-container\">\n                    <img decoding=\"async\" src=\"https:\/\/aid-foundation.com\/wp-content\/uploads\/2024\/05\/prof-Claude-Jaquiery.jpg\">\n                <\/div>\n                <div class=\"consultant-information\">\n                    <h4>Prof. Dr. med. Dr. med. dent.  Claude Jaqui\u00e9ry<\/h4>\n                    \n                                    <\/div>\n            <\/div>\n                <div class=\"consultant-container\">\n                <div class=\"image-container\">\n                    <img decoding=\"async\" src=\"https:\/\/aid-foundation.com\/wp-content\/uploads\/2023\/10\/Thomas-Meier.jpg\">\n                <\/div>\n                <div class=\"consultant-information\">\n                    <h4>Dr. med. dent. Thomas Meier<\/h4>\n                    \n                                    <\/div>\n            <\/div>\n                <div class=\"consultant-container\">\n                <div class=\"image-container\">\n                    <img decoding=\"async\" src=\"https:\/\/aid-foundation.com\/wp-content\/uploads\/2023\/10\/Konrad-Meyenberg-202311.jpg\">\n                <\/div>\n                <div class=\"consultant-information\">\n                    <h4>Dr. med. dent. Konrad Meyenberg<\/h4>\n                    \n                                    <\/div>\n            <\/div>\n                <div class=\"consultant-container\">\n                <div class=\"image-container\">\n                    <img decoding=\"async\" src=\"https:\/\/aid-foundation.com\/wp-content\/uploads\/2023\/08\/R-Minoretti.jpg\">\n                <\/div>\n                <div class=\"consultant-information\">\n                    <h4>Dr. med., Dr. med. dent. Roger Minoretti\u00a0<\/h4>\n                    \n                                    <\/div>\n            <\/div>\n                <div class=\"consultant-container\">\n                <div class=\"image-container\">\n                    <img decoding=\"async\" src=\"https:\/\/aid-foundation.com\/wp-content\/uploads\/2023\/10\/Nicola-Pietrobon.jpg\">\n                <\/div>\n                <div class=\"consultant-information\">\n                    <h4>ZT Nicola Pietrobon<\/h4>\n                    \n                                    <\/div>\n            <\/div>\n                <div class=\"consultant-container\">\n                <div class=\"image-container\">\n                    <img decoding=\"async\" src=\"https:\/\/aid-foundation.com\/wp-content\/uploads\/2023\/08\/Christian-Ramel.jpg\">\n                <\/div>\n                <div class=\"consultant-information\">\n                    <h4>Dr. med. dent. Christian Ramel<\/h4>\n                    \n                                    <\/div>\n            <\/div>\n                <div class=\"consultant-container\">\n                <div class=\"image-container\">\n                    <img decoding=\"async\" src=\"https:\/\/aid-foundation.com\/wp-content\/uploads\/2023\/08\/david-schneider.jpg\">\n                <\/div>\n                <div class=\"consultant-information\">\n                    <h4>PD Dr. med. Dr. med. dent. David Schneider<\/h4>\n                    \n                                    <\/div>\n            <\/div>\n                <div class=\"consultant-container\">\n                <div class=\"image-container\">\n                    <img decoding=\"async\" src=\"https:\/\/aid-foundation.com\/wp-content\/uploads\/2023\/08\/Daniel-Sntivy.jpg\">\n                <\/div>\n                <div class=\"consultant-information\">\n                    <h4>Dr. med. dent. Thomas Truninger<\/h4>\n                    \n                                    <\/div>\n            <\/div>\n                <div class=\"consultant-container\">\n                <div class=\"image-container\">\n                    <img decoding=\"async\" src=\"https:\/\/aid-foundation.com\/wp-content\/uploads\/2023\/08\/Karin-Wolleb.jpg\">\n                <\/div>\n                <div class=\"consultant-information\">\n                    <h4>Dr. med. dent. Karin Wolleb Torrisi<\/h4>\n                    \n                                    <\/div>\n            <\/div>\n                <div class=\"consultant-container\">\n                <div class=\"image-container\">\n                    <img decoding=\"async\" src=\"https:\/\/aid-foundation.com\/wp-content\/uploads\/2024\/03\/christoph-zbaeren.jpg\">\n                <\/div>\n                <div class=\"consultant-information\">\n                    <h4>Dr. med. dent. Christoph Zb\u00e4ren<\/h4>\n                    \n                                    <\/div>\n            <\/div>\n    <\/div><\/div>\n\n\n\n<div class=\"wp-block-group alignfull is-style-left-shifted has-accent-background-color has-background is-layout-flow wp-block-group-is-layout-flow\">\n<h2 class=\"wp-block-heading\" id=\"kommissionen\"><strong>I compiti delle commissioni<\/strong><\/h2>\n\n\n\n<p><\/p>\n\n\n<div class=\"accordion wp-block-acf-accordion\">\n            <div class=\"accordion-item\">\n            <h2 class=\"accordion-header\" id=\"69ea92d45903e-heading\">\n                <button class=\"accordion-button collapsed\" type=\"button\" data-bs-toggle=\"collapse\" data-bs-target=\"#69ea92d45903e\" aria-expanded=\"false\" aria-controls=\"69ea92d45903e\">\n                    Comunicazione                <\/button>\n            <\/h2>\n            <div id=\"69ea92d45903e\" class=\"accordion-collapse collapse\" aria-labelledby=\"69ea92d45903e-heading\" data-bs-parent=\"#69ea92d45903e\">\n                <div class=\"accordion-body\">\n                    <p>L'AID \u00e8 attivamente impegnata a migliorare l'informazione dei pazienti in merito alla<br \/>\npossibilit\u00e0 e limiti dell'implantologia orale. Inoltre, l'AID promuove e coordina lo scambio di conoscenze tra i professionisti dell'implantologia orale.<\/p>\n                <\/div>\n            <\/div>\n        <\/div>\n            <div class=\"accordion-item\">\n            <h2 class=\"accordion-header\" id=\"69ea92d459041-heading\">\n                <button class=\"accordion-button collapsed\" type=\"button\" data-bs-toggle=\"collapse\" data-bs-target=\"#69ea92d459041\" aria-expanded=\"false\" aria-controls=\"69ea92d459041\">\n                    Formazione continua                <\/button>\n            <\/h2>\n            <div id=\"69ea92d459041\" class=\"accordion-collapse collapse\" aria-labelledby=\"69ea92d459041-heading\" data-bs-parent=\"#69ea92d459041\">\n                <div class=\"accordion-body\">\n                    <p>L'AID organizza programmi di mentoring e coaching e simposi scientifici per i professionisti interessati all'implantologia orale.<\/p>\n                <\/div>\n            <\/div>\n        <\/div>\n            <div class=\"accordion-item\">\n            <h2 class=\"accordion-header\" id=\"69ea92d459042-heading\">\n                <button class=\"accordion-button collapsed\" type=\"button\" data-bs-toggle=\"collapse\" data-bs-target=\"#69ea92d459042\" aria-expanded=\"false\" aria-controls=\"69ea92d459042\">\n                    La mia generazione                <\/button>\n            <\/h2>\n            <div id=\"69ea92d459042\" class=\"accordion-collapse collapse\" aria-labelledby=\"69ea92d459042-heading\" data-bs-parent=\"#69ea92d459042\">\n                <div class=\"accordion-body\">\n                    <p>L'AID coordina conferenze specialistiche e programmi di formazione continua in collaborazione con le universit\u00e0, specificamente adattati alle esigenze dei giovani dentisti che hanno ancora poca esperienza in implantologia orale.<\/p>\n                <\/div>\n            <\/div>\n        <\/div>\n            <div class=\"accordion-item\">\n            <h2 class=\"accordion-header\" id=\"69ea92d459043-heading\">\n                <button class=\"accordion-button collapsed\" type=\"button\" data-bs-toggle=\"collapse\" data-bs-target=\"#69ea92d459043\" aria-expanded=\"false\" aria-controls=\"69ea92d459043\">\n                    Ricerca                <\/button>\n            <\/h2>\n            <div id=\"69ea92d459043\" class=\"accordion-collapse collapse\" aria-labelledby=\"69ea92d459043-heading\" data-bs-parent=\"#69ea92d459043\">\n                <div class=\"accordion-body\">\n                    <p>L'AID finanzia progetti di ricerca nell'ambito dell'implantologia orale e della<br \/>\ndiscipline affini, a condizione che siano considerate dalla Commissione di Ricerca AID come<br \/>\nsono considerati meritevoli di sostegno.<\/p>\n<p><strong>Obiettivi<\/strong><\/p>\n<ul>\n<li>Creazione di una rete presso varie universit\u00e0<\/li>\n<li>Stabilire contatti con il personale accademico<\/li>\n<li>Partecipazione alla ricerca pre-clinica e clinica in implantologia orale<\/li>\n<li>Sviluppo di progetti di studio clinicamente rilevanti nei campi del design implantare, della sovrastruttura, del flusso di lavoro protesico, della rigenerazione e della peri-implantite<\/li>\n<\/ul>\n                <\/div>\n            <\/div>\n        <\/div>\n            <div class=\"accordion-item\">\n            <h2 class=\"accordion-header\" id=\"69ea92d459044-heading\">\n                <button class=\"accordion-button collapsed\" type=\"button\" data-bs-toggle=\"collapse\" data-bs-target=\"#69ea92d459044\" aria-expanded=\"false\" aria-controls=\"69ea92d459044\">\n                    Odontoiatria ricostruttiva                <\/button>\n            <\/h2>\n            <div id=\"69ea92d459044\" class=\"accordion-collapse collapse\" aria-labelledby=\"69ea92d459044-heading\" data-bs-parent=\"#69ea92d459044\">\n                <div class=\"accordion-body\">\n                    <p>L'AID promuove specificamente lo scambio interdisciplinare e il trasferimento di conoscenze tra dentisti e odontotecnici. Dopo tutto, entrambe le parti sono necessarie per una ricostruzione di successo. La protesi \u00e8 un lavoro di squadra.<\/p>\n                <\/div>\n            <\/div>\n        <\/div>\n    <\/div><\/div>","protected":false},"excerpt":{"rendered":"<p>\u00dcber DIE aid foundation Die AID vernetzt Fachleute der oralen Implantologie, um Wissen \u00fcber Generationen hinweg zu teilen. Unsere Ziele Unsere Mission Das \u00fcber ein Berufsleben erlangte Wissen darf nicht verloren gehen, sondern muss an die nachfolgenden Generationen weitergegeben werden: Dies ist unsere \u00dcberzeugung, denn die gleichen Behandlungsfehler werden nicht wiederholt. Daf\u00fcr stellen wir Coaching- [&hellip;]<\/p>","protected":false},"author":1,"featured_media":0,"parent":0,"menu_order":0,"comment_status":"closed","ping_status":"closed","template":"","meta":{"footnotes":""},"acf":[],"_links":{"self":[{"href":"https:\/\/aid-foundation.com\/it\/wp-json\/wp\/v2\/pages\/48"}],"collection":[{"href":"https:\/\/aid-foundation.com\/it\/wp-json\/wp\/v2\/pages"}],"about":[{"href":"https:\/\/aid-foundation.com\/it\/wp-json\/wp\/v2\/types\/page"}],"author":[{"embeddable":true,"href":"https:\/\/aid-foundation.com\/it\/wp-json\/wp\/v2\/users\/1"}],"replies":[{"embeddable":true,"href":"https:\/\/aid-foundation.com\/it\/wp-json\/wp\/v2\/comments?post=48"}],"version-history":[{"count":70,"href":"https:\/\/aid-foundation.com\/it\/wp-json\/wp\/v2\/pages\/48\/revisions"}],"predecessor-version":[{"id":2603,"href":"https:\/\/aid-foundation.com\/it\/wp-json\/wp\/v2\/pages\/48\/revisions\/2603"}],"wp:attachment":[{"href":"https:\/\/aid-foundation.com\/it\/wp-json\/wp\/v2\/media?parent=48"}],"curies":[{"name":"wp","href":"https:\/\/api.w.org\/{rel}","templated":true}]}}