{"id":1543,"date":"2024-11-26T08:45:09","date_gmt":"2024-11-26T07:45:09","guid":{"rendered":"https:\/\/aid-foundation.com\/?page_id=1543"},"modified":"2026-02-10T10:54:54","modified_gmt":"2026-02-10T09:54:54","slug":"forschungspreis","status":"publish","type":"page","link":"https:\/\/aid-foundation.com\/it\/premio-di-ricerca\/","title":{"rendered":"Premio di ricerca"},"content":{"rendered":"<div class=\"wp-block-media-text alignfull has-media-on-the-right is-stacked-on-mobile is-vertically-aligned-center hero-with-offset-text\"><div class=\"wp-block-media-text__content\">\n<h1 class=\"wp-block-heading is-style-tagline\">Premio AID per l'impatto pratico<\/h1>\n\n\n\n<p>Un nuovo premio di ricerca per promuovere la ricerca pratica in implantologia in Svizzera<\/p>\n<\/div><figure class=\"wp-block-media-text__media\" data-no-zoom=\"true\"><img decoding=\"async\" src=\"https:\/\/aid-foundation.com\/wp-content\/uploads\/2025\/12\/5_AID_Symposium_1348.jpg\" alt=\"\" class=\"wp-image-2530 size-full\"\/><\/figure><\/div>\n\n\n\n<div class=\"wp-block-group alignfull is-pattern-shifted-layers has-primary-background-color has-background is-layout-flow wp-block-group-is-layout-flow\">\n<div class=\"wp-block-columns is-layout-flex wp-container-3 wp-block-columns-is-layout-flex\">\n<div class=\"wp-block-column is-layout-flow wp-block-column-is-layout-flow\">\n<h2 class=\"wp-block-heading is-style-tagline\">Vincitrice del Practical Impact Award 2025<\/h2>\n\n\n\n<h3 class=\"wp-block-heading\">Congratulazioni di cuore a <strong>Dr. Sabrina Maniewicz e Team<\/strong> per la pubblicazione<\/h3>\n\n\n\n<p><em>\u201eMandibular overdenture with a single implant in the canine region (c-SIMO): a feasibility study\u201c<\/em><\/p>\n\n\n\n<p class=\" translation-block\">Il lavoro ha convinto la commissione di ricerca per la sua originalit\u00e0, l'elevata qualit\u00e0 metodologica e, in particolare, per la sua rilevanza pratica nell'ambito dell'implantologia clinica<\/p>\n\n\n\n<p>Ci congratuliamo vivamente con la dott.ssa Maniewicz e il suo team per questo riconoscimento e ringraziamo tutti i ricercatori che quest'anno hanno presentato i propri lavori. <\/p>\n\n\n\n<div class=\"wp-block-buttons is-layout-flex wp-block-buttons-is-layout-flex\">\n<div class=\"wp-block-button\"><a class=\"wp-block-button__link wp-element-button\" href=\"https:\/\/link.springer.com\/article\/10.1007\/s00784-024-05723-1\">Zur Publikation<\/a><\/div>\n<\/div>\n<\/div>\n<\/div>\n<\/div>\n\n\n\n<div style=\"height:100px\" aria-hidden=\"true\" class=\"wp-block-spacer is-style-normal\"><\/div>\n\n\n\n<div class=\"wp-block-columns alignwide is-layout-flex wp-container-6 wp-block-columns-is-layout-flex\">\n<div class=\"wp-block-column is-layout-flow wp-block-column-is-layout-flow\" style=\"flex-basis:100%\">\n<p class=\"is-style-default has-normal-font-size\">L'Alliance for Implant Dentistry (AID) \u00e8 lieta di annunciare il lancio della <strong>Premio AID per l'impatto pratico<\/strong> che inizialmente sar\u00e0 assegnato in questa forma esclusivamente a ricercatori svizzeri. Questo premio di ricerca premia le pubblicazioni scientifiche di eccellenza che offrono soluzioni pratiche e innovative nel campo dell'implantologia orale. Con un <strong>Preissumme von CHF 5'000<\/strong> mira il <strong>Premio AID per l'impatto pratico<\/strong> mira a motivare i ricercatori svizzeri a sviluppare un lavoro che non sia solo teoricamente valido, ma anche clinicamente applicabile e che contribuisca direttamente all'ottimizzazione delle cure dei pazienti.<\/p>\n<\/div>\n<\/div>\n\n\n<ul class=\"wp-block-acf-advantages\">\n            <li class=\"advantage\">\n            <i class=\"advantage__icon icon icon-check\"><\/i>\n            <div class=\"advantage__title-wrapper\">\n                <h3 class=\"advantage__title\">Obiettivo del \"Premio Impatto Pratico AID<\/h3>\n                <p class=\"advantage__description\">Il premio \"AID Practical Impact Award\" \u00e8 stato creato per promuovere in modo specifico l'eccellenza scientifica e l'innovazione nel campo dell'implantologia orale in Svizzera. Il premio \u00e8 rivolto ai ricercatori il cui lavoro offre concrete possibilit\u00e0 di applicazione e colma il divario tra teoria e pratica. Integrando i risultati degli studi nella pratica clinica, il premio contribuisce a migliorare in modo duraturo la qualit\u00e0 del trattamento e il benessere dei pazienti.<\/p>\n            <\/div>\n        <\/li>\n            <li class=\"advantage\">\n            <i class=\"advantage__icon icon icon-check\"><\/i>\n            <div class=\"advantage__title-wrapper\">\n                <h3 class=\"advantage__title\">Processo di presentazione e selezione<\/h3>\n                <p class=\"advantage__description\">L'AID accetta le candidature fino al 30 aprile 2025. Un gruppo di esperti indipendenti della Commissione Ricerca dell'AID valuter\u00e0 le pubblicazioni sulla base di una griglia chiaramente definita che include fattori quali l'originalit\u00e0, il rigore metodologico e l'applicabilit\u00e0 clinica. L'obiettivo \u00e8 identificare e riconoscere i lavori con un eccezionale beneficio pratico e un potenziale innovativo.<\/p>\n            <\/div>\n        <\/li>\n            <li class=\"advantage\">\n            <i class=\"advantage__icon icon icon-check\"><\/i>\n            <div class=\"advantage__title-wrapper\">\n                <h3 class=\"advantage__title\">Cerimonia di premiazione e annuncio dei vincitori<\/h3>\n                <p class=\"advantage__description\">Il vincitore dell'\"AID Practical Impact Award\" sar\u00e0 premiato alla conferenza annuale dell'AID in autunno. In questa occasione, i vincitori del premio avranno l'opportunit\u00e0 di presentare le loro ricerche a un pubblico specializzato e di scambiare idee con i principali esperti del settore. La copertura mediatica della cerimonia di premiazione e la presentazione dei vincitori sul sito web dell'AID e sulle riviste specializzate aumenteranno la visibilit\u00e0 dei lavori premiati.<\/p>\n            <\/div>\n        <\/li>\n            <li class=\"advantage\">\n            <i class=\"advantage__icon icon icon-check\"><\/i>\n            <div class=\"advantage__title-wrapper\">\n                <h3 class=\"advantage__title\">Perch\u00e9 il \u201cPremio AID Practical Impact\u201d?<\/h3>\n                <p class=\"advantage__description\">Con il premio \"AID Practical Impact Award\", l'Alliance for Implant Dentistry fornisce un prezioso contributo all'ulteriore sviluppo dell'implantologia orale in Svizzera. \"Il premio sottolinea chiaramente l'importanza degli studi pratici\", spiega il presidente dell'AID. \"In questo modo, non solo incentiviamo l'innovazione scientifica, ma promuoviamo anche il miglioramento sostenibile della cura dei pazienti - l'obiettivo centrale del nostro impegno.\"<\/p>\n            <\/div>\n        <\/li>\n    <\/ul>\n\n\n<div style=\"height:100px\" aria-hidden=\"true\" class=\"wp-block-spacer\"><\/div>\n\n\n\n<div class=\"wp-block-buttons is-layout-flex wp-block-buttons-is-layout-flex\">\n<div class=\"wp-block-button\"><a class=\"wp-block-button__link wp-element-button\" href=\"https:\/\/aid-foundation.com\/wp-content\/uploads\/2026\/02\/Anmeldeformular-fuer-den-Forschungspreis-der-AID-2026_V2.pdf\">Anmeldeformular<\/a><\/div>\n<\/div>\n\n\n\n<div style=\"height:100px\" aria-hidden=\"true\" class=\"wp-block-spacer\"><\/div>\n\n\n\n<div class=\"wp-block-group alignfull is-pattern-banner has-accent-background-color has-background is-nowrap is-layout-flex wp-container-10 wp-block-group-is-layout-flex\">\n<div class=\"wp-block-group is-layout-constrained wp-block-group-is-layout-constrained\">\n<h2 class=\"wp-block-heading\">Hai domande?<\/h2>\n\n\n\n<p>Qui trovi il modulo di contatto.<\/p>\n<\/div>\n\n\n\n<div class=\"wp-block-buttons is-layout-flex wp-block-buttons-is-layout-flex\">\n<div class=\"wp-block-button\"><a class=\"wp-block-button__link wp-element-button\" href=\"https:\/\/aid-foundation.com\/it\/contatto\/\">Contatto<\/a><\/div>\n<\/div>\n<\/div>","protected":false},"excerpt":{"rendered":"<p>AID Practical Impact Award Forschungspreis zur F\u00f6rderung praxisnaher Forschung in der Implantologie in der Schweiz Gewinnerin des practical impact awards 2025 Herzliche Gratulation an Dr. Sabrina Maniewicz und Team f\u00fcr die Publikation \u201eMandibular overdenture with a single implant in the canine region (c-SIMO): a feasibility study\u201c Die Arbeit \u00fcberzeugte die Forschungskommission durch ihre Originalit\u00e4t, die [&hellip;]<\/p>","protected":false},"author":12,"featured_media":0,"parent":0,"menu_order":0,"comment_status":"closed","ping_status":"closed","template":"","meta":{"footnotes":""},"acf":[],"_links":{"self":[{"href":"https:\/\/aid-foundation.com\/it\/wp-json\/wp\/v2\/pages\/1543"}],"collection":[{"href":"https:\/\/aid-foundation.com\/it\/wp-json\/wp\/v2\/pages"}],"about":[{"href":"https:\/\/aid-foundation.com\/it\/wp-json\/wp\/v2\/types\/page"}],"author":[{"embeddable":true,"href":"https:\/\/aid-foundation.com\/it\/wp-json\/wp\/v2\/users\/12"}],"replies":[{"embeddable":true,"href":"https:\/\/aid-foundation.com\/it\/wp-json\/wp\/v2\/comments?post=1543"}],"version-history":[{"count":61,"href":"https:\/\/aid-foundation.com\/it\/wp-json\/wp\/v2\/pages\/1543\/revisions"}],"predecessor-version":[{"id":2576,"href":"https:\/\/aid-foundation.com\/it\/wp-json\/wp\/v2\/pages\/1543\/revisions\/2576"}],"wp:attachment":[{"href":"https:\/\/aid-foundation.com\/it\/wp-json\/wp\/v2\/media?parent=1543"}],"curies":[{"name":"wp","href":"https:\/\/api.w.org\/{rel}","templated":true}]}}