{"id":48,"date":"2023-07-26T11:45:19","date_gmt":"2023-07-26T09:45:19","guid":{"rendered":"https:\/\/aid-foundation.dev.hayloft-it.ch\/?page_id=48"},"modified":"2026-03-30T08:49:56","modified_gmt":"2026-03-30T06:49:56","slug":"ueber-uns","status":"publish","type":"page","link":"https:\/\/aid-foundation.com\/fr\/sur-nous\/","title":{"rendered":"\u00c0 propos de nous"},"content":{"rendered":"<div class=\"wp-block-media-text alignfull has-media-on-the-right is-stacked-on-mobile is-vertically-aligned-bottom hero-with-offset-text\"><div class=\"wp-block-media-text__content\">\n<h1 class=\"wp-block-heading is-style-tagline\">\u00c0 propos de LA fondation d'aid<\/h1>\n\n\n\n<p>L'AID met en r\u00e9seau les professionnels de l'implantologie orale afin de partager les connaissances entre les g\u00e9n\u00e9rations.<\/p>\n<\/div><figure class=\"wp-block-media-text__media\" data-no-zoom=\"true\"><img decoding=\"async\" loading=\"lazy\" width=\"1024\" height=\"683\" src=\"https:\/\/aid-foundation.com\/wp-content\/uploads\/2023\/08\/head-ueber-uns-1-1024x683.webp\" alt=\"\" class=\"wp-image-612 size-full\" srcset=\"https:\/\/aid-foundation.com\/wp-content\/uploads\/2023\/08\/head-ueber-uns-1-1024x683.webp 1024w, https:\/\/aid-foundation.com\/wp-content\/uploads\/2023\/08\/head-ueber-uns-1-300x200.webp 300w, https:\/\/aid-foundation.com\/wp-content\/uploads\/2023\/08\/head-ueber-uns-1-768x512.webp 768w, https:\/\/aid-foundation.com\/wp-content\/uploads\/2023\/08\/head-ueber-uns-1-1536x1024.webp 1536w, https:\/\/aid-foundation.com\/wp-content\/uploads\/2023\/08\/head-ueber-uns-1-18x12.webp 18w, https:\/\/aid-foundation.com\/wp-content\/uploads\/2023\/08\/head-ueber-uns-1.png 1600w\" sizes=\"(max-width: 1024px) 100vw, 1024px\" \/><\/figure><\/div>\n\n\n\n<ul class=\"fixed-anchor-navigation alignfull\">\n<li><a href=\"#unsere-ziele\" data-type=\"internal\" data-id=\"#unsere-ziele\">Nos objectifs<\/a><\/li>\n\n\n\n<li><a href=\"#mission\" data-type=\"internal\" data-id=\"#unsere-ziele\">Mission<\/a><\/li>\n\n\n\n<li><a href=\"#werte\" data-type=\"internal\" data-id=\"#unsere-ziele\">Valeurs<\/a><\/li>\n\n\n\n<li><a href=\"#stiftungsrat\">Conseil de fondation<\/a><\/li>\n\n\n\n<li><a href=\"#kommissionen\">Commissions<\/a><\/li>\n<\/ul>\n\n\n\n<div class=\"wp-block-group alignwide is-layout-flow wp-block-group-is-layout-flow\">\n<h2 class=\"wp-block-heading is-style-h3\" id=\"unsere-ziele\">Nos objectifs<\/h2>\n\n\n\n<ul class=\"is-style-plus has-medium-large-font-size\">\n<li>Nous encourageons le transfert de connaissances entre les professionnels exp\u00e9riment\u00e9s et les g\u00e9n\u00e9rations suivantes.<\/li>\n\n\n\n<li>Nous nous engageons dans la recherche pr\u00e9clinique et clinique afin d'\u00e9largir les connaissances dans des domaines s\u00e9lectionn\u00e9s de l'implantologie orale.<\/li>\n\n\n\n<li>Nous investissons dans l'am\u00e9lioration de l'information des patients.<\/li>\n<\/ul>\n\n\n\n<div style=\"height:100px\" aria-hidden=\"true\" class=\"wp-block-spacer is-style-normal\"><\/div>\n\n\n\n<figure data-no-zoom=\"true\" class=\"wp-block-image size-large\"><img decoding=\"async\" loading=\"lazy\" width=\"1024\" height=\"683\" src=\"https:\/\/aid-foundation.com\/wp-content\/uploads\/2023\/08\/mitgliedschaft-1-1024x683.webp\" alt=\"\" class=\"wp-image-617\" srcset=\"https:\/\/aid-foundation.com\/wp-content\/uploads\/2023\/08\/mitgliedschaft-1-1024x683.webp 1024w, https:\/\/aid-foundation.com\/wp-content\/uploads\/2023\/08\/mitgliedschaft-1-300x200.webp 300w, https:\/\/aid-foundation.com\/wp-content\/uploads\/2023\/08\/mitgliedschaft-1-768x512.webp 768w, https:\/\/aid-foundation.com\/wp-content\/uploads\/2023\/08\/mitgliedschaft-1-1536x1024.webp 1536w, https:\/\/aid-foundation.com\/wp-content\/uploads\/2023\/08\/mitgliedschaft-1-2048x1365.webp 2048w, https:\/\/aid-foundation.com\/wp-content\/uploads\/2023\/08\/mitgliedschaft-1-18x12.webp 18w\" sizes=\"(max-width: 1024px) 100vw, 1024px\" \/><\/figure>\n\n\n\n<div style=\"height:100px\" aria-hidden=\"true\" class=\"wp-block-spacer is-style-large\"><\/div>\n\n\n\n<h2 class=\"wp-block-heading is-style-h3\" id=\"mission\">Notre mission<\/h2>\n\n\n\n<div class=\"wp-block-columns is-layout-flex wp-container-3 wp-block-columns-is-layout-flex\">\n<div class=\"wp-block-column is-layout-flow wp-block-column-is-layout-flow\">\n<p class=\"has-medium-font-size\">Les connaissances acquises au cours d'une vie professionnelle ne doivent pas se perdre, mais \u00eatre transmises \u00e0 la jeune g\u00e9n\u00e9ration afin que les m\u00eames erreurs de traitement ne se r\u00e9p\u00e8tent pas : telle est notre conviction. C'est pourquoi nous mettons \u00e0 disposition des programmes de coaching et de mentorat et organisons des manifestations de formation continue qui s'adressent sp\u00e9cifiquement \u00e0 la jeune g\u00e9n\u00e9ration. Depuis plus de quarante ans, des donn\u00e9es cliniques sur les implants dentaires sont collect\u00e9es, analys\u00e9es et publi\u00e9es. L'exp\u00e9rience clinique de l'implantologie orale est bien document\u00e9e. <\/p>\n<\/div>\n\n\n\n<div class=\"wp-block-column is-layout-flow wp-block-column-is-layout-flow\">\n<p class=\"has-medium-font-size\">Malgr\u00e9 tout, nous sommes d'avis que toutes les questions relatives au traitement optimal des patients ne sont pas encore suffisamment r\u00e9solues. Nous identifions les questions qui peuvent am\u00e9liorer le d\u00e9roulement et le succ\u00e8s du traitement. Pour r\u00e9pondre \u00e0 ces questions, nous lan\u00e7ons des \u00e9tudes pr\u00e9cliniques et cliniques en collaboration avec des hautes \u00e9coles, des universit\u00e9s et des cabinets priv\u00e9s. L'implantologie orale est un march\u00e9 tr\u00e8s concurrentiel. Nous nous engageons \u00e0 ce que l'information des patients sur les possibilit\u00e9s et les limites de l'implantologie orale soit dissoci\u00e9e des int\u00e9r\u00eats commerciaux.<\/p>\n<\/div>\n<\/div>\n\n\n\n<div style=\"height:100px\" aria-hidden=\"true\" class=\"wp-block-spacer is-style-large\"><\/div>\n\n\n\n<h2 class=\"wp-block-heading is-style-h3\" id=\"werte\">Nos valeurs<\/h2>\n\n\n\n<p class=\"has-medium-large-font-size\"><strong>Cinq valeurs communes constituent le fondement de notre travail :<\/strong><\/p>\n\n\n\n<ul class=\"is-style-plus has-medium-large-font-size\">\n<li>Agir de mani\u00e8re visible<\/li>\n\n\n\n<li>Investir dans les personnes<\/li>\n\n\n\n<li>Cr\u00e9er des relations<\/li>\n\n\n\n<li>\u00catre curieux et remettre en question le statu quo<\/li>\n\n\n\n<li>Apprendre et s'am\u00e9liorer en permanence<\/li>\n<\/ul>\n\n\n\n<div style=\"height:100px\" aria-hidden=\"true\" class=\"wp-block-spacer is-style-large\"><\/div>\n<\/div>\n\n\n\n<div class=\"wp-block-group alignwide is-layout-flow wp-block-group-is-layout-flow\">\n<h2 class=\"wp-block-heading is-style-h3\" id=\"stiftungsrat\">Conseil de fondation<\/h2>\n\n\n\n<div class=\"align block-consultants block-239980bf6a90eaef25b184955b781eba wp-block-acf-consultants\">\n                <div class=\"consultant-container\">\n                <div class=\"image-container\">\n                    <img decoding=\"async\" src=\"https:\/\/aid-foundation.com\/wp-content\/uploads\/2023\/10\/goran-benic-stiftungsrat.jpg\">\n                <\/div>\n                <div class=\"consultant-information\">\n                    <h4>Professeur Dr. med. dent. Goran Benic<\/h4>\n                                            <p class=\"job-title\">Pr\u00e9sident<\/p>\n                    \n                                    <\/div>\n            <\/div>\n                <div class=\"consultant-container\">\n                <div class=\"image-container\">\n                    <img decoding=\"async\" src=\"https:\/\/aid-foundation.com\/wp-content\/uploads\/2023\/08\/Claude-Andreoni.jpg\">\n                <\/div>\n                <div class=\"consultant-information\">\n                    <h4>Dr. med. dent. Claude Andreoni<\/h4>\n                    \n                                    <\/div>\n            <\/div>\n                <div class=\"consultant-container\">\n                <div class=\"image-container\">\n                    <img decoding=\"async\" src=\"https:\/\/aid-foundation.com\/wp-content\/uploads\/2024\/03\/stefan-bienz.jpg\">\n                <\/div>\n                <div class=\"consultant-information\">\n                    <h4>Le Dr. med. dent. Stefan Bienz<\/h4>\n                    \n                                    <\/div>\n            <\/div>\n                <div class=\"consultant-container\">\n                <div class=\"image-container\">\n                    <img decoding=\"async\" src=\"https:\/\/aid-foundation.com\/wp-content\/uploads\/2023\/10\/Grande_Vincenzo.png\">\n                <\/div>\n                <div class=\"consultant-information\">\n                    <h4>Vincenzo Grande<\/h4>\n                    \n                                    <\/div>\n            <\/div>\n                <div class=\"consultant-container\">\n                <div class=\"image-container\">\n                    <img decoding=\"async\" src=\"https:\/\/aid-foundation.com\/wp-content\/uploads\/2023\/08\/ueli-grunder.jpg\">\n                <\/div>\n                <div class=\"consultant-information\">\n                    <h4>Dr. med. dent. Ueli Grunder<\/h4>\n                    \n                                    <\/div>\n            <\/div>\n                <div class=\"consultant-container\">\n                <div class=\"image-container\">\n                    <img decoding=\"async\" src=\"https:\/\/aid-foundation.com\/wp-content\/uploads\/2024\/03\/dr-hitz.jpg\">\n                <\/div>\n                <div class=\"consultant-information\">\n                    <h4>Le Dr. med. dent. Thomas Hitz<\/h4>\n                    \n                                    <\/div>\n            <\/div>\n                <div class=\"consultant-container\">\n                <div class=\"image-container\">\n                    <img decoding=\"async\" src=\"https:\/\/aid-foundation.com\/wp-content\/uploads\/2024\/05\/prof-Claude-Jaquiery.jpg\">\n                <\/div>\n                <div class=\"consultant-information\">\n                    <h4>Prof. Dr. med. Dr. med. dent.  Claude Jaqui\u00e9ry<\/h4>\n                    \n                                    <\/div>\n            <\/div>\n                <div class=\"consultant-container\">\n                <div class=\"image-container\">\n                    <img decoding=\"async\" src=\"https:\/\/aid-foundation.com\/wp-content\/uploads\/2023\/10\/Thomas-Meier.jpg\">\n                <\/div>\n                <div class=\"consultant-information\">\n                    <h4>Dr. med. dent. Thomas Meier<\/h4>\n                    \n                                    <\/div>\n            <\/div>\n                <div class=\"consultant-container\">\n                <div class=\"image-container\">\n                    <img decoding=\"async\" src=\"https:\/\/aid-foundation.com\/wp-content\/uploads\/2023\/10\/Konrad-Meyenberg-202311.jpg\">\n                <\/div>\n                <div class=\"consultant-information\">\n                    <h4>Dr. med. dent. Konrad Meyenberg<\/h4>\n                    \n                                    <\/div>\n            <\/div>\n                <div class=\"consultant-container\">\n                <div class=\"image-container\">\n                    <img decoding=\"async\" src=\"https:\/\/aid-foundation.com\/wp-content\/uploads\/2023\/08\/R-Minoretti.jpg\">\n                <\/div>\n                <div class=\"consultant-information\">\n                    <h4>Dr. med., Dr. med. dent. Roger Minoretti\u00a0<\/h4>\n                    \n                                    <\/div>\n            <\/div>\n                <div class=\"consultant-container\">\n                <div class=\"image-container\">\n                    <img decoding=\"async\" src=\"https:\/\/aid-foundation.com\/wp-content\/uploads\/2023\/10\/Nicola-Pietrobon.jpg\">\n                <\/div>\n                <div class=\"consultant-information\">\n                    <h4>ZT Nicola Pietrobon<\/h4>\n                    \n                                    <\/div>\n            <\/div>\n                <div class=\"consultant-container\">\n                <div class=\"image-container\">\n                    <img decoding=\"async\" src=\"https:\/\/aid-foundation.com\/wp-content\/uploads\/2023\/08\/Christian-Ramel.jpg\">\n                <\/div>\n                <div class=\"consultant-information\">\n                    <h4>Dr. med. dent. Christian Ramel<\/h4>\n                    \n                                    <\/div>\n            <\/div>\n                <div class=\"consultant-container\">\n                <div class=\"image-container\">\n                    <img decoding=\"async\" src=\"https:\/\/aid-foundation.com\/wp-content\/uploads\/2023\/08\/david-schneider.jpg\">\n                <\/div>\n                <div class=\"consultant-information\">\n                    <h4>PD Dr. med. Dr. med. dent. David Schneider<\/h4>\n                    \n                                    <\/div>\n            <\/div>\n                <div class=\"consultant-container\">\n                <div class=\"image-container\">\n                    <img decoding=\"async\" src=\"https:\/\/aid-foundation.com\/wp-content\/uploads\/2023\/08\/Daniel-Sntivy.jpg\">\n                <\/div>\n                <div class=\"consultant-information\">\n                    <h4>Dr. med. dent. Thomas Truninger<\/h4>\n                    \n                                    <\/div>\n            <\/div>\n                <div class=\"consultant-container\">\n                <div class=\"image-container\">\n                    <img decoding=\"async\" src=\"https:\/\/aid-foundation.com\/wp-content\/uploads\/2023\/08\/Karin-Wolleb.jpg\">\n                <\/div>\n                <div class=\"consultant-information\">\n                    <h4>Dr. med. dent. Karin Wolleb Torrisi<\/h4>\n                    \n                                    <\/div>\n            <\/div>\n                <div class=\"consultant-container\">\n                <div class=\"image-container\">\n                    <img decoding=\"async\" src=\"https:\/\/aid-foundation.com\/wp-content\/uploads\/2024\/03\/christoph-zbaeren.jpg\">\n                <\/div>\n                <div class=\"consultant-information\">\n                    <h4>Le Dr. med. dent. Christoph Zb\u00e4ren<\/h4>\n                    \n                                    <\/div>\n            <\/div>\n    <\/div><\/div>\n\n\n\n<div class=\"wp-block-group alignfull is-style-left-shifted has-accent-background-color has-background is-layout-flow wp-block-group-is-layout-flow\">\n<h2 class=\"wp-block-heading\" id=\"kommissionen\"><strong>Les t\u00e2ches des commissions<\/strong><\/h2>\n\n\n\n<p><\/p>\n\n\n<div class=\"accordion wp-block-acf-accordion\">\n            <div class=\"accordion-item\">\n            <h2 class=\"accordion-header\" id=\"69e629373b765-heading\">\n                <button class=\"accordion-button collapsed\" type=\"button\" data-bs-toggle=\"collapse\" data-bs-target=\"#69e629373b765\" aria-expanded=\"false\" aria-controls=\"69e629373b765\">\n                    Communication                <\/button>\n            <\/h2>\n            <div id=\"69e629373b765\" class=\"accordion-collapse collapse\" aria-labelledby=\"69e629373b765-heading\" data-bs-parent=\"#69e629373b765\">\n                <div class=\"accordion-body\">\n                    <p>L'AID s'engage activement \u00e0 am\u00e9liorer l'information des patients concernant les<br \/>\nles possibilit\u00e9s et les limites de l'implantologie orale. En outre, l'AID encourage et coordonne l'\u00e9change de connaissances entre les professionnels travaillant dans le domaine de l'implantologie orale.<\/p>\n                <\/div>\n            <\/div>\n        <\/div>\n            <div class=\"accordion-item\">\n            <h2 class=\"accordion-header\" id=\"69e629373b767-heading\">\n                <button class=\"accordion-button collapsed\" type=\"button\" data-bs-toggle=\"collapse\" data-bs-target=\"#69e629373b767\" aria-expanded=\"false\" aria-controls=\"69e629373b767\">\n                    Formation continue                <\/button>\n            <\/h2>\n            <div id=\"69e629373b767\" class=\"accordion-collapse collapse\" aria-labelledby=\"69e629373b767-heading\" data-bs-parent=\"#69e629373b767\">\n                <div class=\"accordion-body\">\n                    <p>L'AID organise des programmes de mentorat et de coaching ainsi que des r\u00e9unions scientifiques pour les professionnels int\u00e9ress\u00e9s par l'implantologie orale.<\/p>\n                <\/div>\n            <\/div>\n        <\/div>\n            <div class=\"accordion-item\">\n            <h2 class=\"accordion-header\" id=\"69e629373b768-heading\">\n                <button class=\"accordion-button collapsed\" type=\"button\" data-bs-toggle=\"collapse\" data-bs-target=\"#69e629373b768\" aria-expanded=\"false\" aria-controls=\"69e629373b768\">\n                    Ma g\u00e9n\u00e9ration                <\/button>\n            <\/h2>\n            <div id=\"69e629373b768\" class=\"accordion-collapse collapse\" aria-labelledby=\"69e629373b768-heading\" data-bs-parent=\"#69e629373b768\">\n                <div class=\"accordion-body\">\n                    <p>L'AID coordonne des r\u00e9unions professionnelles et des programmes de formation continue en coop\u00e9ration avec des universit\u00e9s, qui sont cibl\u00e9s sur les exigences des jeunes dentistes avec peu d'exp\u00e9rience en implantologie orale.<\/p>\n                <\/div>\n            <\/div>\n        <\/div>\n            <div class=\"accordion-item\">\n            <h2 class=\"accordion-header\" id=\"69e629373b769-heading\">\n                <button class=\"accordion-button collapsed\" type=\"button\" data-bs-toggle=\"collapse\" data-bs-target=\"#69e629373b769\" aria-expanded=\"false\" aria-controls=\"69e629373b769\">\n                    Recherche                <\/button>\n            <\/h2>\n            <div id=\"69e629373b769\" class=\"accordion-collapse collapse\" aria-labelledby=\"69e629373b769-heading\" data-bs-parent=\"#69e629373b769\">\n                <div class=\"accordion-body\">\n                    <p>L'AID met \u00e0 disposition des moyens financiers pour des projets de recherche dans le domaine de l'implantologie<br \/>\norale et de la m\u00e9decine dentaire, pour autant que ces derniers soient consid\u00e9r\u00e9s comme \u00e9ligible par la<br \/>\ncommission de recherche de l'AID.<\/p>\n<p><strong>Objectifs<\/strong><\/p>\n<ul>\n<li>Cr\u00e9ation d'un r\u00e9seau dans diff\u00e9rentes universit\u00e9s<\/li>\n<li>\u00c9tablissement de contacts avec le personnel scientifique<\/li>\n<li>Participation \u00e0 la recherche pr\u00e9-clinique et clinique en implantologie orale<\/li>\n<li>D\u00e9veloppement de projets d'\u00e9tude cliniquement pertinents dans les domaines de la conception d'implants, de la superstructure, du flux de travail proth\u00e9tique, de la r\u00e9g\u00e9n\u00e9ration et de la p\u00e9ri-implantite.<\/li>\n<\/ul>\n                <\/div>\n            <\/div>\n        <\/div>\n            <div class=\"accordion-item\">\n            <h2 class=\"accordion-header\" id=\"69e629373b76a-heading\">\n                <button class=\"accordion-button collapsed\" type=\"button\" data-bs-toggle=\"collapse\" data-bs-target=\"#69e629373b76a\" aria-expanded=\"false\" aria-controls=\"69e629373b76a\">\n                    Dentisterie reconstructive                <\/button>\n            <\/h2>\n            <div id=\"69e629373b76a\" class=\"accordion-collapse collapse\" aria-labelledby=\"69e629373b76a-heading\" data-bs-parent=\"#69e629373b76a\">\n                <div class=\"accordion-body\">\n                    <p>L'AID encourage de mani\u00e8re cibl\u00e9e l'\u00e9change interdisciplinaire et le transfert de connaissances entre les m\u00e9decins-dentistes et les proth\u00e9sistes dentaires. En effet, pour une reconstruction r\u00e9ussie, les deux parties sont n\u00e9cessaires. La proth\u00e8se est un travail d'\u00e9quipe.<\/p>\n                <\/div>\n            <\/div>\n        <\/div>\n    <\/div><\/div>","protected":false},"excerpt":{"rendered":"<p>\u00dcber DIE aid foundation Die AID vernetzt Fachleute der oralen Implantologie, um Wissen \u00fcber Generationen hinweg zu teilen. Unsere Ziele Unsere Mission Das \u00fcber ein Berufsleben erlangte Wissen darf nicht verloren gehen, sondern muss an die nachfolgenden Generationen weitergegeben werden: Dies ist unsere \u00dcberzeugung, denn die gleichen Behandlungsfehler werden nicht wiederholt. Daf\u00fcr stellen wir Coaching- [&hellip;]<\/p>","protected":false},"author":1,"featured_media":0,"parent":0,"menu_order":0,"comment_status":"closed","ping_status":"closed","template":"","meta":{"footnotes":""},"acf":[],"_links":{"self":[{"href":"https:\/\/aid-foundation.com\/fr\/wp-json\/wp\/v2\/pages\/48"}],"collection":[{"href":"https:\/\/aid-foundation.com\/fr\/wp-json\/wp\/v2\/pages"}],"about":[{"href":"https:\/\/aid-foundation.com\/fr\/wp-json\/wp\/v2\/types\/page"}],"author":[{"embeddable":true,"href":"https:\/\/aid-foundation.com\/fr\/wp-json\/wp\/v2\/users\/1"}],"replies":[{"embeddable":true,"href":"https:\/\/aid-foundation.com\/fr\/wp-json\/wp\/v2\/comments?post=48"}],"version-history":[{"count":70,"href":"https:\/\/aid-foundation.com\/fr\/wp-json\/wp\/v2\/pages\/48\/revisions"}],"predecessor-version":[{"id":2603,"href":"https:\/\/aid-foundation.com\/fr\/wp-json\/wp\/v2\/pages\/48\/revisions\/2603"}],"wp:attachment":[{"href":"https:\/\/aid-foundation.com\/fr\/wp-json\/wp\/v2\/media?parent=48"}],"curies":[{"name":"wp","href":"https:\/\/api.w.org\/{rel}","templated":true}]}}