{"id":1674,"date":"2025-02-11T16:47:55","date_gmt":"2025-02-11T15:47:55","guid":{"rendered":"https:\/\/aid-foundation.com\/?page_id=1674"},"modified":"2026-03-26T13:37:50","modified_gmt":"2026-03-26T12:37:50","slug":"landmark-studies","status":"publish","type":"page","link":"https:\/\/aid-foundation.com\/fr\/knowledge-hub\/etudes-de-reperes\/","title":{"rendered":"\u00c9tudes de rep\u00e8res"},"content":{"rendered":"<h1 class=\"wp-block-post-title\">\u00c9tudes de rep\u00e8res<\/h1>\n\n\n<p>Discover key studies shaping the field of implantology, past and present. Carefully selected and commented on by our board of trustees, each article includes an \"Insights from this study for clinical practice\" section, offering clear takeaways for real-world application.<\/p>\n\n\n\n<div style=\"height:100px\" aria-hidden=\"true\" class=\"wp-block-spacer is-style-small\"><\/div>\n\n\n<div class=\"wp-block-aid-foundation-articles\">\n                        <article class=\"teaser-article post-2154 article type-article status-publish has-post-thumbnail hentry article_cat-landmark-study\">\n    <img loading=\"lazy\" width=\"405\" height=\"300\" src=\"https:\/\/aid-foundation.com\/wp-content\/uploads\/2025\/04\/image-405x300.webp\" class=\"attachment-teaser-article size-teaser-article wp-post-image\" alt=\"\" decoding=\"async\" \/>    <div class=\"teaser-article__information\">\n        <span class=\"subtitle\">\u00c9tude de rep\u00e8re<\/span>\n        <h2 class=\"teaser-article__title\">Submarginal connective tissue graft increased vertical and horizontal soft tissue thickness around implants over 3 years<\/h2>\n        <p class=\"date\">16\/4\/25<\/p>\n        <div class=\"wp-block-button\">\n            <a href=\"https:\/\/aid-foundation.com\/fr\/knowledge-hub\/landmark-study\/peri-implantite-un-probleme-commun-et-croissant-en-dentisterie-3-2\/\" class=\"wp-block-button__link\">Read Article<\/a>\n        <\/div>\n    <\/div>\n<\/article>                    <article class=\"teaser-article post-2144 article type-article status-publish has-post-thumbnail hentry article_cat-landmark-study\">\n    <img loading=\"lazy\" width=\"405\" height=\"300\" src=\"https:\/\/aid-foundation.com\/wp-content\/uploads\/2025\/04\/pexels-405x300.webp\" class=\"attachment-teaser-article size-teaser-article wp-post-image\" alt=\"\" decoding=\"async\" srcset=\"https:\/\/aid-foundation.com\/wp-content\/uploads\/2025\/04\/pexels-405x300.webp 405w, https:\/\/aid-foundation.com\/wp-content\/uploads\/2025\/04\/pexels-18x12.webp 18w, https:\/\/aid-foundation.com\/wp-content\/uploads\/2025\/04\/pexels-810x600.webp 810w\" sizes=\"(max-width: 405px) 100vw, 405px\" \/>    <div class=\"teaser-article__information\">\n        <span class=\"subtitle\">\u00c9tude de rep\u00e8re<\/span>\n        <h2 class=\"teaser-article__title\">Bone (re)modeling following tooth extraction<\/h2>\n        <p class=\"date\">16\/4\/25<\/p>\n        <div class=\"wp-block-button\">\n            <a href=\"https:\/\/aid-foundation.com\/fr\/knowledge-hub\/landmark-study\/peri-implantite-un-probleme-commun-et-croissant-en-dentisterie-3-2\/\" class=\"wp-block-button__link\">Read Article<\/a>\n        <\/div>\n    <\/div>\n<\/article>                    <article class=\"teaser-article post-2095 article type-article status-publish has-post-thumbnail hentry article_cat-landmark-study\">\n    <img loading=\"lazy\" width=\"405\" height=\"300\" src=\"https:\/\/aid-foundation.com\/wp-content\/uploads\/2025\/03\/DALL\u00b7E-2025-03-11-14.46.42-A-clean-medical-illustration-featuring-a-single-white-non-resorbable-membrane-used-in-onlay-bone-grafting-centered-in-the-image.-The-membrane-is-smoo-405x300.webp\" class=\"attachment-teaser-article size-teaser-article wp-post-image\" alt=\"\" decoding=\"async\" srcset=\"https:\/\/aid-foundation.com\/wp-content\/uploads\/2025\/03\/DALL\u00b7E-2025-03-11-14.46.42-A-clean-medical-illustration-featuring-a-single-white-non-resorbable-membrane-used-in-onlay-bone-grafting-centered-in-the-image.-The-membrane-is-smoo-405x300.webp 405w, https:\/\/aid-foundation.com\/wp-content\/uploads\/2025\/03\/DALL\u00b7E-2025-03-11-14.46.42-A-clean-medical-illustration-featuring-a-single-white-non-resorbable-membrane-used-in-onlay-bone-grafting-centered-in-the-image.-The-membrane-is-smoo-810x600.webp 810w\" sizes=\"(max-width: 405px) 100vw, 405px\" \/>    <div class=\"teaser-article__information\">\n        <span class=\"subtitle\">\u00c9tude de rep\u00e8re<\/span>\n        <h2 class=\"teaser-article__title\">Avantages de l'ajout d'une membrane non r\u00e9sorbable \u00e0 la greffe osseuse en place : r\u00e9sultats d'une \u00e9tude prospective randomis\u00e9e<\/h2>\n        <p class=\"date\">24\/3\/25<\/p>\n        <div class=\"wp-block-button\">\n            <a href=\"https:\/\/aid-foundation.com\/fr\/knowledge-hub\/landmark-study\/peri-implantite-un-probleme-commun-et-croissant-en-dentisterie-3-2\/\" class=\"wp-block-button__link\">Read Article<\/a>\n        <\/div>\n    <\/div>\n<\/article>                    <article class=\"teaser-article post-2088 article type-article status-publish has-post-thumbnail hentry article_cat-landmark-study\">\n    <img loading=\"lazy\" width=\"405\" height=\"300\" src=\"https:\/\/aid-foundation.com\/wp-content\/uploads\/2025\/03\/DALL\u00b7E-2025-03-11-14.19.42-A-close-up-abstract-yet-medical-conceptual-illustration-representing-bone-formation-around-rough-and-machined-dental-implant-surfaces.-The-image-focus-405x300.webp\" class=\"attachment-teaser-article size-teaser-article wp-post-image\" alt=\"\" decoding=\"async\" srcset=\"https:\/\/aid-foundation.com\/wp-content\/uploads\/2025\/03\/DALL\u00b7E-2025-03-11-14.19.42-A-close-up-abstract-yet-medical-conceptual-illustration-representing-bone-formation-around-rough-and-machined-dental-implant-surfaces.-The-image-focus-405x300.webp 405w, https:\/\/aid-foundation.com\/wp-content\/uploads\/2025\/03\/DALL\u00b7E-2025-03-11-14.19.42-A-close-up-abstract-yet-medical-conceptual-illustration-representing-bone-formation-around-rough-and-machined-dental-implant-surfaces.-The-image-focus-810x600.webp 810w\" sizes=\"(max-width: 405px) 100vw, 405px\" \/>    <div class=\"teaser-article__information\">\n        <span class=\"subtitle\">\u00c9tude de rep\u00e8re<\/span>\n        <h2 class=\"teaser-article__title\">Osseointegration : d\u00e9veloppement conceptuel pr\u00e9coce et applications cliniques<\/h2>\n        <p class=\"date\">24\/3\/25<\/p>\n        <div class=\"wp-block-button\">\n            <a href=\"https:\/\/aid-foundation.com\/fr\/knowledge-hub\/landmark-study\/peri-implantite-un-probleme-commun-et-croissant-en-dentisterie-3-2\/\" class=\"wp-block-button__link\">Read Article<\/a>\n        <\/div>\n    <\/div>\n<\/article>                    <article class=\"teaser-article post-2079 article type-article status-publish has-post-thumbnail hentry article_cat-landmark-study\">\n    <img loading=\"lazy\" width=\"405\" height=\"300\" src=\"https:\/\/aid-foundation.com\/wp-content\/uploads\/2025\/03\/DALL\u00b7E-2025-03-11-14.27.29-A-close-up-abstract-yet-medical-conceptual-illustration-representing-bone-structure-with-a-natural-tooth-now-including-a-detailed-and-anatomically-ac-405x300.webp\" class=\"attachment-teaser-article size-teaser-article wp-post-image\" alt=\"\" decoding=\"async\" srcset=\"https:\/\/aid-foundation.com\/wp-content\/uploads\/2025\/03\/DALL\u00b7E-2025-03-11-14.27.29-A-close-up-abstract-yet-medical-conceptual-illustration-representing-bone-structure-with-a-natural-tooth-now-including-a-detailed-and-anatomically-ac-405x300.webp 405w, https:\/\/aid-foundation.com\/wp-content\/uploads\/2025\/03\/DALL\u00b7E-2025-03-11-14.27.29-A-close-up-abstract-yet-medical-conceptual-illustration-representing-bone-structure-with-a-natural-tooth-now-including-a-detailed-and-anatomically-ac-810x600.webp 810w\" sizes=\"(max-width: 405px) 100vw, 405px\" \/>    <div class=\"teaser-article__information\">\n        <span class=\"subtitle\">\u00c9tude de rep\u00e8re<\/span>\n        <h2 class=\"teaser-article__title\">Formation osseuse avec des surfaces d'implant rugueuses et usin\u00e9es : une \u00e9tude de base<\/h2>\n        <p class=\"date\">24\/3\/25<\/p>\n        <div class=\"wp-block-button\">\n            <a href=\"https:\/\/aid-foundation.com\/fr\/knowledge-hub\/landmark-study\/peri-implantite-un-probleme-commun-et-croissant-en-dentisterie-3-2\/\" class=\"wp-block-button__link\">Read Article<\/a>\n        <\/div>\n    <\/div>\n<\/article>                    <div class=\"articles-navigation\">\n                <span aria-current=\"page\" class=\"page-numbers current\">1<\/span>\n<a class=\"page-numbers\" href=\"https:\/\/aid-foundation.com\/fr\/wp-json\/wp\/v2\/pages\/1674\/?seite=2\">2<\/a>\n<a class=\"next page-numbers\" href=\"https:\/\/aid-foundation.com\/fr\/wp-json\/wp\/v2\/pages\/1674\/?seite=2\">Weiter<\/a>            <\/div>\n        <\/div>","protected":false},"excerpt":{"rendered":"<p>Discover key studies shaping the field of implantology, past and present. Carefully selected and commented on by our board of trustees, each article includes an &#171;Insights from this study for clinical practice&#187; section, offering clear takeaways for real-world application.<\/p>","protected":false},"author":1,"featured_media":1716,"parent":1669,"menu_order":0,"comment_status":"closed","ping_status":"closed","template":"page_with-side-navigation.php","meta":{"footnotes":""},"acf":[],"_links":{"self":[{"href":"https:\/\/aid-foundation.com\/fr\/wp-json\/wp\/v2\/pages\/1674"}],"collection":[{"href":"https:\/\/aid-foundation.com\/fr\/wp-json\/wp\/v2\/pages"}],"about":[{"href":"https:\/\/aid-foundation.com\/fr\/wp-json\/wp\/v2\/types\/page"}],"author":[{"embeddable":true,"href":"https:\/\/aid-foundation.com\/fr\/wp-json\/wp\/v2\/users\/1"}],"replies":[{"embeddable":true,"href":"https:\/\/aid-foundation.com\/fr\/wp-json\/wp\/v2\/comments?post=1674"}],"version-history":[{"count":9,"href":"https:\/\/aid-foundation.com\/fr\/wp-json\/wp\/v2\/pages\/1674\/revisions"}],"predecessor-version":[{"id":2219,"href":"https:\/\/aid-foundation.com\/fr\/wp-json\/wp\/v2\/pages\/1674\/revisions\/2219"}],"up":[{"embeddable":true,"href":"https:\/\/aid-foundation.com\/fr\/wp-json\/wp\/v2\/pages\/1669"}],"wp:featuredmedia":[{"embeddable":true,"href":"https:\/\/aid-foundation.com\/fr\/wp-json\/wp\/v2\/media\/1716"}],"wp:attachment":[{"href":"https:\/\/aid-foundation.com\/fr\/wp-json\/wp\/v2\/media?parent=1674"}],"curies":[{"name":"wp","href":"https:\/\/api.w.org\/{rel}","templated":true}]}}