{"id":1543,"date":"2024-11-26T08:45:09","date_gmt":"2024-11-26T07:45:09","guid":{"rendered":"https:\/\/aid-foundation.com\/?page_id=1543"},"modified":"2026-02-10T10:54:54","modified_gmt":"2026-02-10T09:54:54","slug":"forschungspreis","status":"publish","type":"page","link":"https:\/\/aid-foundation.com\/fr\/prix-de-la-recherche\/","title":{"rendered":"Prix de la recherche"},"content":{"rendered":"<div class=\"wp-block-media-text alignfull has-media-on-the-right is-stacked-on-mobile is-vertically-aligned-center hero-with-offset-text\"><div class=\"wp-block-media-text__content\">\n<h1 class=\"wp-block-heading is-style-tagline\">Prix de l'impact pratique de l'AID<\/h1>\n\n\n\n<p>Nouveau prix de recherche pour la promotion de la recherche pratique en implantologie en Suisse<\/p>\n<\/div><figure class=\"wp-block-media-text__media\" data-no-zoom=\"true\"><img decoding=\"async\" src=\"https:\/\/aid-foundation.com\/wp-content\/uploads\/2025\/12\/5_AID_Symposium_1348.jpg\" alt=\"\" class=\"wp-image-2530 size-full\"\/><\/figure><\/div>\n\n\n\n<div class=\"wp-block-group alignfull is-pattern-shifted-layers has-primary-background-color has-background is-layout-flow wp-block-group-is-layout-flow\">\n<div class=\"wp-block-columns is-layout-flex wp-container-3 wp-block-columns-is-layout-flex\">\n<div class=\"wp-block-column is-layout-flow wp-block-column-is-layout-flow\">\n<h2 class=\"wp-block-heading is-style-tagline\">Laur\u00e9ate du prix \u00ab Practical Impact \u00bb 2025<\/h2>\n\n\n\n<h3 class=\"wp-block-heading\">Toutes nos f\u00e9licitations \u00e0 <strong>Dr Sabrina Maniewicz et son \u00e9quipe<\/strong> pour la publication<\/h3>\n\n\n\n<p><em>\u201eMandibular overdenture with a single implant in the canine region (c-SIMO): a feasibility study\u201c<\/em><\/p>\n\n\n\n<p class=\" translation-block\">Ce travail a convaincu la commission de recherche par son originalit\u00e9, la grande qualit\u00e9 de sa m\u00e9thodologie et, surtout, par son int\u00e9r\u00eat pratique pour l'implantologie clinique.<\/p>\n\n\n\n<p>Nous adressons nos sinc\u00e8res f\u00e9licitations \u00e0 Mme Maniewicz et \u00e0 son \u00e9quipe pour cette distinction et remercions tous les chercheurs qui ont pr\u00e9sent\u00e9 leurs travaux cette ann\u00e9e. <\/p>\n\n\n\n<div class=\"wp-block-buttons is-layout-flex wp-block-buttons-is-layout-flex\">\n<div class=\"wp-block-button\"><a class=\"wp-block-button__link wp-element-button\" href=\"https:\/\/link.springer.com\/article\/10.1007\/s00784-024-05723-1\">Publication<\/a><\/div>\n<\/div>\n<\/div>\n<\/div>\n<\/div>\n\n\n\n<div style=\"height:100px\" aria-hidden=\"true\" class=\"wp-block-spacer is-style-normal\"><\/div>\n\n\n\n<div class=\"wp-block-columns alignwide is-layout-flex wp-container-6 wp-block-columns-is-layout-flex\">\n<div class=\"wp-block-column is-layout-flow wp-block-column-is-layout-flow\" style=\"flex-basis:100%\">\n<p class=\"is-style-default has-normal-font-size\">L'Alliance for Implant Dentistry (AID) est fi\u00e8re d'annoncer le lancement de l'AID. <strong>Prix de l'impact pratique de l'AID<\/strong> qui, dans un premier temps, sera exclusivement attribu\u00e9 aux chercheurs en Suisse. Ce prix de recherche r\u00e9compense des publications scientifiques exceptionnelles qui proposent des solutions pratiques et innovantes dans le domaine de l'implantologie orale. Avec un <strong>Preissumme von CHF 5'000<\/strong> vise \u00e0 <strong>Prix de l'impact pratique de l'AID<\/strong> vise \u00e0 motiver les chercheurs en Suisse \u00e0 d\u00e9velopper des travaux qui n'ont pas seulement une valeur th\u00e9orique, mais qui sont \u00e9galement applicables cliniquement et contribuent directement \u00e0 l'optimisation des soins aux patients.<\/p>\n<\/div>\n<\/div>\n\n\n<ul class=\"wp-block-acf-advantages\">\n            <li class=\"advantage\">\n            <i class=\"advantage__icon icon icon-check\"><\/i>\n            <div class=\"advantage__title-wrapper\">\n                <h3 class=\"advantage__title\">Objectif du \u00ab AID Practical Impact Award \u00bb<\/h3>\n                <p class=\"advantage__description\">Le \"AID Practical Impact Award\" a \u00e9t\u00e9 cr\u00e9\u00e9 pour promouvoir de mani\u00e8re cibl\u00e9e en Suisse l'excellence scientifique et l'innovation dans le domaine de l'implantologie orale. Le prix s'adresse aux chercheurs dont les travaux offrent des possibilit\u00e9s d'application concr\u00e8tes et jettent un pont entre la th\u00e9orie et la pratique. En int\u00e9grant les r\u00e9sultats des \u00e9tudes dans la pratique clinique, le prix contribue \u00e0 am\u00e9liorer durablement la qualit\u00e9 des traitements et le bien-\u00eatre des patients.<\/p>\n            <\/div>\n        <\/li>\n            <li class=\"advantage\">\n            <i class=\"advantage__icon icon icon-check\"><\/i>\n            <div class=\"advantage__title-wrapper\">\n                <h3 class=\"advantage__title\">Processus de soumission et de s\u00e9lection<\/h3>\n                <p class=\"advantage__description\">L'AID accepte les candidatures jusqu'au 30 avril 2025. Un panel d'experts ind\u00e9pendants issus de la commission de recherche de l'AID \u00e9value les publications sur la base d'une grille clairement d\u00e9finie, qui comprend des facteurs tels que l'originalit\u00e9, la rigueur m\u00e9thodologique et l'applicabilit\u00e9 clinique. L'objectif est d'identifier et de r\u00e9compenser les travaux pr\u00e9sentant une utilit\u00e9 pratique et un potentiel d'innovation exceptionnels.<\/p>\n            <\/div>\n        <\/li>\n            <li class=\"advantage\">\n            <i class=\"advantage__icon icon icon-check\"><\/i>\n            <div class=\"advantage__title-wrapper\">\n                <h3 class=\"advantage__title\">Remise des prix et annonce des laur\u00e9ats<\/h3>\n                <p class=\"advantage__description\">Le gagnant du \"AID Practical Impact Award\" sera solennellement honor\u00e9 \u00e0 l'automne lors du congr\u00e8s annuel de l'AID. Dans le cadre de cet \u00e9v\u00e9nement, les laur\u00e9ats auront l'occasion de pr\u00e9senter leurs recherches \u00e0 un public de sp\u00e9cialistes et d'\u00e9changer avec des experts* de premier plan du secteur. L'accompagnement m\u00e9diatique de la remise des prix et la pr\u00e9sentation des laur\u00e9ats sur le site web de l'AID ainsi que dans des revues sp\u00e9cialis\u00e9es permettront d'accro\u00eetre la visibilit\u00e9 des travaux r\u00e9compens\u00e9s.<\/p>\n            <\/div>\n        <\/li>\n            <li class=\"advantage\">\n            <i class=\"advantage__icon icon icon-check\"><\/i>\n            <div class=\"advantage__title-wrapper\">\n                <h3 class=\"advantage__title\">Pourquoi le \u00ab AID Practical Impact Award \u00bb ?<\/h3>\n                <p class=\"advantage__description\">Avec le \"AID Practical Impact Award\", l'Alliance for Implant Dentistry apporte une contribution pr\u00e9cieuse au d\u00e9veloppement de l'implantologie orale en Suisse. \"Le prix donne un signal clair quant \u00e0 l'importance des \u00e9tudes pertinentes pour la pratique\", explique le pr\u00e9sident de l'AID. \"Ainsi, nous ne cr\u00e9ons pas seulement des incitations \u00e0 l'innovation scientifique, mais nous encourageons \u00e9galement l'am\u00e9lioration durable des soins aux patients - l'objectif central de notre engagement\".<\/p>\n            <\/div>\n        <\/li>\n    <\/ul>\n\n\n<div style=\"height:100px\" aria-hidden=\"true\" class=\"wp-block-spacer\"><\/div>\n\n\n\n<div class=\"wp-block-buttons is-layout-flex wp-block-buttons-is-layout-flex\">\n<div class=\"wp-block-button\"><a class=\"wp-block-button__link wp-element-button\" href=\"https:\/\/aid-foundation.com\/wp-content\/uploads\/2026\/02\/Anmeldeformular-fuer-den-Forschungspreis-der-AID-2026_V2.pdf\">Formulaire d'inscription<\/a><\/div>\n<\/div>\n\n\n\n<div style=\"height:100px\" aria-hidden=\"true\" class=\"wp-block-spacer\"><\/div>\n\n\n\n<div class=\"wp-block-group alignfull is-pattern-banner has-accent-background-color has-background is-nowrap is-layout-flex wp-container-10 wp-block-group-is-layout-flex\">\n<div class=\"wp-block-group is-layout-constrained wp-block-group-is-layout-constrained\">\n<h2 class=\"wp-block-heading\">Tu as des questions ?<\/h2>\n\n\n\n<p>Cliquez ici pour acc\u00e9der au formulaire de contact.<\/p>\n<\/div>\n\n\n\n<div class=\"wp-block-buttons is-layout-flex wp-block-buttons-is-layout-flex\">\n<div class=\"wp-block-button\"><a class=\"wp-block-button__link wp-element-button\" href=\"https:\/\/aid-foundation.com\/fr\/contact\/\">Contact<\/a><\/div>\n<\/div>\n<\/div>","protected":false},"excerpt":{"rendered":"<p>AID Practical Impact Award Forschungspreis zur F\u00f6rderung praxisnaher Forschung in der Implantologie in der Schweiz Gewinnerin des practical impact awards 2025 Herzliche Gratulation an Dr. Sabrina Maniewicz und Team f\u00fcr die Publikation \u201eMandibular overdenture with a single implant in the canine region (c-SIMO): a feasibility study\u201c Die Arbeit \u00fcberzeugte die Forschungskommission durch ihre Originalit\u00e4t, die [&hellip;]<\/p>","protected":false},"author":12,"featured_media":0,"parent":0,"menu_order":0,"comment_status":"closed","ping_status":"closed","template":"","meta":{"footnotes":""},"acf":[],"_links":{"self":[{"href":"https:\/\/aid-foundation.com\/fr\/wp-json\/wp\/v2\/pages\/1543"}],"collection":[{"href":"https:\/\/aid-foundation.com\/fr\/wp-json\/wp\/v2\/pages"}],"about":[{"href":"https:\/\/aid-foundation.com\/fr\/wp-json\/wp\/v2\/types\/page"}],"author":[{"embeddable":true,"href":"https:\/\/aid-foundation.com\/fr\/wp-json\/wp\/v2\/users\/12"}],"replies":[{"embeddable":true,"href":"https:\/\/aid-foundation.com\/fr\/wp-json\/wp\/v2\/comments?post=1543"}],"version-history":[{"count":61,"href":"https:\/\/aid-foundation.com\/fr\/wp-json\/wp\/v2\/pages\/1543\/revisions"}],"predecessor-version":[{"id":2576,"href":"https:\/\/aid-foundation.com\/fr\/wp-json\/wp\/v2\/pages\/1543\/revisions\/2576"}],"wp:attachment":[{"href":"https:\/\/aid-foundation.com\/fr\/wp-json\/wp\/v2\/media?parent=1543"}],"curies":[{"name":"wp","href":"https:\/\/api.w.org\/{rel}","templated":true}]}}