{"id":48,"date":"2023-07-26T11:45:19","date_gmt":"2023-07-26T09:45:19","guid":{"rendered":"https:\/\/aid-foundation.dev.hayloft-it.ch\/?page_id=48"},"modified":"2026-03-30T08:49:56","modified_gmt":"2026-03-30T06:49:56","slug":"ueber-uns","status":"publish","type":"page","link":"https:\/\/aid-foundation.com\/en\/about-us\/","title":{"rendered":"About Us"},"content":{"rendered":"<div class=\"wp-block-media-text alignfull has-media-on-the-right is-stacked-on-mobile is-vertically-aligned-bottom hero-with-offset-text\"><div class=\"wp-block-media-text__content\">\n<h1 class=\"wp-block-heading is-style-tagline\">About the aid foundation<\/h1>\n\n\n\n<p>The AID connects oral implantology professionals to share knowledge across generations.<\/p>\n<\/div><figure class=\"wp-block-media-text__media\" data-no-zoom=\"true\"><img decoding=\"async\" loading=\"lazy\" width=\"1024\" height=\"683\" src=\"https:\/\/aid-foundation.com\/wp-content\/uploads\/2023\/08\/head-ueber-uns-1-1024x683.webp\" alt=\"\" class=\"wp-image-612 size-full\" srcset=\"https:\/\/aid-foundation.com\/wp-content\/uploads\/2023\/08\/head-ueber-uns-1-1024x683.webp 1024w, https:\/\/aid-foundation.com\/wp-content\/uploads\/2023\/08\/head-ueber-uns-1-300x200.webp 300w, https:\/\/aid-foundation.com\/wp-content\/uploads\/2023\/08\/head-ueber-uns-1-768x512.webp 768w, https:\/\/aid-foundation.com\/wp-content\/uploads\/2023\/08\/head-ueber-uns-1-1536x1024.webp 1536w, https:\/\/aid-foundation.com\/wp-content\/uploads\/2023\/08\/head-ueber-uns-1-18x12.webp 18w, https:\/\/aid-foundation.com\/wp-content\/uploads\/2023\/08\/head-ueber-uns-1.png 1600w\" sizes=\"(max-width: 1024px) 100vw, 1024px\" \/><\/figure><\/div>\n\n\n\n<ul class=\"fixed-anchor-navigation alignfull\">\n<li><a href=\"#unsere-ziele\" data-type=\"internal\" data-id=\"#unsere-ziele\">Our goals<\/a><\/li>\n\n\n\n<li><a href=\"#mission\" data-type=\"internal\" data-id=\"#unsere-ziele\">Mission<\/a><\/li>\n\n\n\n<li><a href=\"#werte\" data-type=\"internal\" data-id=\"#unsere-ziele\">Values<\/a><\/li>\n\n\n\n<li><a href=\"#stiftungsrat\">Board of Trustees<\/a><\/li>\n\n\n\n<li><a href=\"#kommissionen\">Commissions<\/a><\/li>\n<\/ul>\n\n\n\n<div class=\"wp-block-group alignwide is-layout-flow wp-block-group-is-layout-flow\">\n<h2 class=\"wp-block-heading is-style-h3\" id=\"unsere-ziele\">Our goals<\/h2>\n\n\n\n<ul class=\"is-style-plus has-medium-large-font-size\">\n<li>We promote the transfer of knowledge from experienced professionals to the next generation.<\/li>\n\n\n\n<li>We are committed to preclinical and clinical research to advance knowledge in selected areas of oral implant dentistry.<\/li>\n\n\n\n<li>We are investing in improving patient information.<\/li>\n<\/ul>\n\n\n\n<div style=\"height:100px\" aria-hidden=\"true\" class=\"wp-block-spacer is-style-normal\"><\/div>\n\n\n\n<figure data-no-zoom=\"true\" class=\"wp-block-image size-large\"><img decoding=\"async\" loading=\"lazy\" width=\"1024\" height=\"683\" src=\"https:\/\/aid-foundation.com\/wp-content\/uploads\/2023\/08\/mitgliedschaft-1-1024x683.webp\" alt=\"\" class=\"wp-image-617\" srcset=\"https:\/\/aid-foundation.com\/wp-content\/uploads\/2023\/08\/mitgliedschaft-1-1024x683.webp 1024w, https:\/\/aid-foundation.com\/wp-content\/uploads\/2023\/08\/mitgliedschaft-1-300x200.webp 300w, https:\/\/aid-foundation.com\/wp-content\/uploads\/2023\/08\/mitgliedschaft-1-768x512.webp 768w, https:\/\/aid-foundation.com\/wp-content\/uploads\/2023\/08\/mitgliedschaft-1-1536x1024.webp 1536w, https:\/\/aid-foundation.com\/wp-content\/uploads\/2023\/08\/mitgliedschaft-1-2048x1365.webp 2048w, https:\/\/aid-foundation.com\/wp-content\/uploads\/2023\/08\/mitgliedschaft-1-18x12.webp 18w\" sizes=\"(max-width: 1024px) 100vw, 1024px\" \/><\/figure>\n\n\n\n<div style=\"height:100px\" aria-hidden=\"true\" class=\"wp-block-spacer is-style-large\"><\/div>\n\n\n\n<h2 class=\"wp-block-heading is-style-h3\" id=\"mission\">Our mission<\/h2>\n\n\n\n<div class=\"wp-block-columns is-layout-flex wp-container-3 wp-block-columns-is-layout-flex\">\n<div class=\"wp-block-column is-layout-flow wp-block-column-is-layout-flow\">\n<p class=\"has-medium-font-size\">The knowledge acquired over a professional lifetime must not be lost, but passed on to the younger generation: this is our conviction, because the same treatment errors are not repeated. To this end, we provide coaching and mentoring programs and organize continuing education events that are specifically aimed at the younger generation. Clinical data on dental implants have been collected, analyzed and published for over forty years. The clinical experience of oral implantology is well documented. <\/p>\n<\/div>\n\n\n\n<div class=\"wp-block-column is-layout-flow wp-block-column-is-layout-flow\">\n<p class=\"has-medium-font-size\">Nevertheless, we believe that not all questions regarding the optimal treatment of patients have been answered sufficiently. We identify questions that can improve the treatment process and the success of treatment. To answer these questions, we initiate preclinical and clinical studies in collaboration with universities, colleges and private practices. Oral implantology is a competitive market. We are committed to informing patients about the possibilities and limitations of oral implant dentistry in a manner that is detached from commercial interests.<\/p>\n<\/div>\n<\/div>\n\n\n\n<div style=\"height:100px\" aria-hidden=\"true\" class=\"wp-block-spacer is-style-large\"><\/div>\n\n\n\n<h2 class=\"wp-block-heading is-style-h3\" id=\"werte\">Our values<\/h2>\n\n\n\n<p class=\"has-medium-large-font-size\"><strong>Five common values form the foundation of our work:<\/strong><\/p>\n\n\n\n<ul class=\"is-style-plus has-medium-large-font-size\">\n<li>Act visibly<\/li>\n\n\n\n<li>Investing in people<\/li>\n\n\n\n<li>Create relationships<\/li>\n\n\n\n<li>Be curious and challenge the status quo<\/li>\n\n\n\n<li>Constantly learn and improve<\/li>\n<\/ul>\n\n\n\n<div style=\"height:100px\" aria-hidden=\"true\" class=\"wp-block-spacer is-style-large\"><\/div>\n<\/div>\n\n\n\n<div class=\"wp-block-group alignwide is-layout-flow wp-block-group-is-layout-flow\">\n<h2 class=\"wp-block-heading is-style-h3\" id=\"stiftungsrat\">Board of Trustees<\/h2>\n\n\n\n<div class=\"align block-consultants block-239980bf6a90eaef25b184955b781eba wp-block-acf-consultants\">\n                <div class=\"consultant-container\">\n                <div class=\"image-container\">\n                    <img decoding=\"async\" src=\"https:\/\/aid-foundation.com\/wp-content\/uploads\/2023\/10\/goran-benic-stiftungsrat.jpg\">\n                <\/div>\n                <div class=\"consultant-information\">\n                    <h4>Prof. Dr. med. dent. Goran Benic<\/h4>\n                                            <p class=\"job-title\">President<\/p>\n                    \n                                    <\/div>\n            <\/div>\n                <div class=\"consultant-container\">\n                <div class=\"image-container\">\n                    <img decoding=\"async\" src=\"https:\/\/aid-foundation.com\/wp-content\/uploads\/2023\/08\/Claude-Andreoni.jpg\">\n                <\/div>\n                <div class=\"consultant-information\">\n                    <h4>Dr. med. dent. Claude Andreoni<\/h4>\n                    \n                                    <\/div>\n            <\/div>\n                <div class=\"consultant-container\">\n                <div class=\"image-container\">\n                    <img decoding=\"async\" src=\"https:\/\/aid-foundation.com\/wp-content\/uploads\/2024\/03\/stefan-bienz.jpg\">\n                <\/div>\n                <div class=\"consultant-information\">\n                    <h4>Dr. med. dent. Stefan Bienz<\/h4>\n                    \n                                    <\/div>\n            <\/div>\n                <div class=\"consultant-container\">\n                <div class=\"image-container\">\n                    <img decoding=\"async\" src=\"https:\/\/aid-foundation.com\/wp-content\/uploads\/2023\/10\/Grande_Vincenzo.png\">\n                <\/div>\n                <div class=\"consultant-information\">\n                    <h4>Vincenzo Grande<\/h4>\n                    \n                                    <\/div>\n            <\/div>\n                <div class=\"consultant-container\">\n                <div class=\"image-container\">\n                    <img decoding=\"async\" src=\"https:\/\/aid-foundation.com\/wp-content\/uploads\/2023\/08\/ueli-grunder.jpg\">\n                <\/div>\n                <div class=\"consultant-information\">\n                    <h4>Dr. med. dent. Ueli Grunder<\/h4>\n                    \n                                    <\/div>\n            <\/div>\n                <div class=\"consultant-container\">\n                <div class=\"image-container\">\n                    <img decoding=\"async\" src=\"https:\/\/aid-foundation.com\/wp-content\/uploads\/2024\/03\/dr-hitz.jpg\">\n                <\/div>\n                <div class=\"consultant-information\">\n                    <h4>Dr. med. dent. Thomas Hitz<\/h4>\n                    \n                                    <\/div>\n            <\/div>\n                <div class=\"consultant-container\">\n                <div class=\"image-container\">\n                    <img decoding=\"async\" src=\"https:\/\/aid-foundation.com\/wp-content\/uploads\/2024\/05\/prof-Claude-Jaquiery.jpg\">\n                <\/div>\n                <div class=\"consultant-information\">\n                    <h4>Prof. Dr. med. Dr. med. dent.  Claude Jaqui\u00e9ry<\/h4>\n                    \n                                    <\/div>\n            <\/div>\n                <div class=\"consultant-container\">\n                <div class=\"image-container\">\n                    <img decoding=\"async\" src=\"https:\/\/aid-foundation.com\/wp-content\/uploads\/2023\/10\/Thomas-Meier.jpg\">\n                <\/div>\n                <div class=\"consultant-information\">\n                    <h4>Dr. med. dent. Thomas Meier<\/h4>\n                    \n                                    <\/div>\n            <\/div>\n                <div class=\"consultant-container\">\n                <div class=\"image-container\">\n                    <img decoding=\"async\" src=\"https:\/\/aid-foundation.com\/wp-content\/uploads\/2023\/10\/Konrad-Meyenberg-202311.jpg\">\n                <\/div>\n                <div class=\"consultant-information\">\n                    <h4>Dr. med. dent. Konrad Meyenberg<\/h4>\n                    \n                                    <\/div>\n            <\/div>\n                <div class=\"consultant-container\">\n                <div class=\"image-container\">\n                    <img decoding=\"async\" src=\"https:\/\/aid-foundation.com\/wp-content\/uploads\/2023\/08\/R-Minoretti.jpg\">\n                <\/div>\n                <div class=\"consultant-information\">\n                    <h4>Dr. med., Dr. med. dent. Roger Minoretti\u00a0<\/h4>\n                    \n                                    <\/div>\n            <\/div>\n                <div class=\"consultant-container\">\n                <div class=\"image-container\">\n                    <img decoding=\"async\" src=\"https:\/\/aid-foundation.com\/wp-content\/uploads\/2023\/10\/Nicola-Pietrobon.jpg\">\n                <\/div>\n                <div class=\"consultant-information\">\n                    <h4>ZT Nicola Pietrobon<\/h4>\n                    \n                                    <\/div>\n            <\/div>\n                <div class=\"consultant-container\">\n                <div class=\"image-container\">\n                    <img decoding=\"async\" src=\"https:\/\/aid-foundation.com\/wp-content\/uploads\/2023\/08\/Christian-Ramel.jpg\">\n                <\/div>\n                <div class=\"consultant-information\">\n                    <h4>Dr. med. dent. Christian Ramel<\/h4>\n                    \n                                    <\/div>\n            <\/div>\n                <div class=\"consultant-container\">\n                <div class=\"image-container\">\n                    <img decoding=\"async\" src=\"https:\/\/aid-foundation.com\/wp-content\/uploads\/2023\/08\/david-schneider.jpg\">\n                <\/div>\n                <div class=\"consultant-information\">\n                    <h4>PD Dr. med. Dr. med. dent. David Schneider<\/h4>\n                    \n                                    <\/div>\n            <\/div>\n                <div class=\"consultant-container\">\n                <div class=\"image-container\">\n                    <img decoding=\"async\" src=\"https:\/\/aid-foundation.com\/wp-content\/uploads\/2023\/08\/Daniel-Sntivy.jpg\">\n                <\/div>\n                <div class=\"consultant-information\">\n                    <h4>Dr. med. dent. Thomas Truninger<\/h4>\n                    \n                                    <\/div>\n            <\/div>\n                <div class=\"consultant-container\">\n                <div class=\"image-container\">\n                    <img decoding=\"async\" src=\"https:\/\/aid-foundation.com\/wp-content\/uploads\/2023\/08\/Karin-Wolleb.jpg\">\n                <\/div>\n                <div class=\"consultant-information\">\n                    <h4>Dr. med. dent. Karin Wolleb Torrisi<\/h4>\n                    \n                                    <\/div>\n            <\/div>\n                <div class=\"consultant-container\">\n                <div class=\"image-container\">\n                    <img decoding=\"async\" src=\"https:\/\/aid-foundation.com\/wp-content\/uploads\/2024\/03\/christoph-zbaeren.jpg\">\n                <\/div>\n                <div class=\"consultant-information\">\n                    <h4>Dr. med. dent. Christoph Zb\u00e4ren<\/h4>\n                    \n                                    <\/div>\n            <\/div>\n    <\/div><\/div>\n\n\n\n<div class=\"wp-block-group alignfull is-style-left-shifted has-accent-background-color has-background is-layout-flow wp-block-group-is-layout-flow\">\n<h2 class=\"wp-block-heading\" id=\"kommissionen\"><strong>The tasks of the commissions<\/strong><\/h2>\n\n\n\n<p><\/p>\n\n\n<div class=\"accordion wp-block-acf-accordion\">\n            <div class=\"accordion-item\">\n            <h2 class=\"accordion-header\" id=\"69e62c546eb9b-heading\">\n                <button class=\"accordion-button collapsed\" type=\"button\" data-bs-toggle=\"collapse\" data-bs-target=\"#69e62c546eb9b\" aria-expanded=\"false\" aria-controls=\"69e62c546eb9b\">\n                    Communication                <\/button>\n            <\/h2>\n            <div id=\"69e62c546eb9b\" class=\"accordion-collapse collapse\" aria-labelledby=\"69e62c546eb9b-heading\" data-bs-parent=\"#69e62c546eb9b\">\n                <div class=\"accordion-body\">\n                    <p>The AID is actively engaged in improving patient information regarding the<br \/>\npossibilities and limitations of oral implantology. Furthermore, the AID promotes and coordinates the exchange of knowledge between professionals working in oral implantology.<\/p>\n                <\/div>\n            <\/div>\n        <\/div>\n            <div class=\"accordion-item\">\n            <h2 class=\"accordion-header\" id=\"69e62c546eb9e-heading\">\n                <button class=\"accordion-button collapsed\" type=\"button\" data-bs-toggle=\"collapse\" data-bs-target=\"#69e62c546eb9e\" aria-expanded=\"false\" aria-controls=\"69e62c546eb9e\">\n                    Advanced training                <\/button>\n            <\/h2>\n            <div id=\"69e62c546eb9e\" class=\"accordion-collapse collapse\" aria-labelledby=\"69e62c546eb9e-heading\" data-bs-parent=\"#69e62c546eb9e\">\n                <div class=\"accordion-body\">\n                    <p>The AID organizes mentoring and coaching programs as well as scientific symposia for professionals interested in oral implantology.<\/p>\n                <\/div>\n            <\/div>\n        <\/div>\n            <div class=\"accordion-item\">\n            <h2 class=\"accordion-header\" id=\"69e62c546eb9f-heading\">\n                <button class=\"accordion-button collapsed\" type=\"button\" data-bs-toggle=\"collapse\" data-bs-target=\"#69e62c546eb9f\" aria-expanded=\"false\" aria-controls=\"69e62c546eb9f\">\n                    my generation                <\/button>\n            <\/h2>\n            <div id=\"69e62c546eb9f\" class=\"accordion-collapse collapse\" aria-labelledby=\"69e62c546eb9f-heading\" data-bs-parent=\"#69e62c546eb9f\">\n                <div class=\"accordion-body\">\n                    <p>AID coordinates symposia and continuing education programs in cooperation with universities that are specifically tailored to the needs of young dentists who have little experience in oral implantology.<\/p>\n                <\/div>\n            <\/div>\n        <\/div>\n            <div class=\"accordion-item\">\n            <h2 class=\"accordion-header\" id=\"69e62c546eba0-heading\">\n                <button class=\"accordion-button collapsed\" type=\"button\" data-bs-toggle=\"collapse\" data-bs-target=\"#69e62c546eba0\" aria-expanded=\"false\" aria-controls=\"69e62c546eba0\">\n                    Research                <\/button>\n            <\/h2>\n            <div id=\"69e62c546eba0\" class=\"accordion-collapse collapse\" aria-labelledby=\"69e62c546eba0-heading\" data-bs-parent=\"#69e62c546eba0\">\n                <div class=\"accordion-body\">\n                    <p>The AID provides funding for research projects in the field of oral implantology and<br \/>\nrelated disciplines, provided that they have been approved by the AID Research Commission as<br \/>\nare considered worthy of support.<\/p>\n<p><strong>Targets<\/strong><\/p>\n<ul>\n<li>Establishment of a network at various universities<\/li>\n<li>Establishment of contacts with scientific staff<\/li>\n<li>Participation in pre- and clinical research in oral implantology<\/li>\n<li>Development of clinically relevant study projects in the areas of implant design, superstructure, prosthetic workflow, regeneration and peri-implantitis.<\/li>\n<\/ul>\n                <\/div>\n            <\/div>\n        <\/div>\n            <div class=\"accordion-item\">\n            <h2 class=\"accordion-header\" id=\"69e62c546eba1-heading\">\n                <button class=\"accordion-button collapsed\" type=\"button\" data-bs-toggle=\"collapse\" data-bs-target=\"#69e62c546eba1\" aria-expanded=\"false\" aria-controls=\"69e62c546eba1\">\n                    Reconstructive dentistry                <\/button>\n            <\/h2>\n            <div id=\"69e62c546eba1\" class=\"accordion-collapse collapse\" aria-labelledby=\"69e62c546eba1-heading\" data-bs-parent=\"#69e62c546eba1\">\n                <div class=\"accordion-body\">\n                    <p>The AID specifically promotes interdisciplinary exchange and knowledge transfer between dentists and dental technicians. After all, both parties are needed for successful reconstruction. Prosthodontics is teamwork.<\/p>\n                <\/div>\n            <\/div>\n        <\/div>\n    <\/div><\/div>","protected":false},"excerpt":{"rendered":"<p>\u00dcber DIE aid foundation Die AID vernetzt Fachleute der oralen Implantologie, um Wissen \u00fcber Generationen hinweg zu teilen. Unsere Ziele Unsere Mission Das \u00fcber ein Berufsleben erlangte Wissen darf nicht verloren gehen, sondern muss an die nachfolgenden Generationen weitergegeben werden: Dies ist unsere \u00dcberzeugung, denn die gleichen Behandlungsfehler werden nicht wiederholt. Daf\u00fcr stellen wir Coaching- [&hellip;]<\/p>","protected":false},"author":1,"featured_media":0,"parent":0,"menu_order":0,"comment_status":"closed","ping_status":"closed","template":"","meta":{"footnotes":""},"acf":[],"_links":{"self":[{"href":"https:\/\/aid-foundation.com\/en\/wp-json\/wp\/v2\/pages\/48"}],"collection":[{"href":"https:\/\/aid-foundation.com\/en\/wp-json\/wp\/v2\/pages"}],"about":[{"href":"https:\/\/aid-foundation.com\/en\/wp-json\/wp\/v2\/types\/page"}],"author":[{"embeddable":true,"href":"https:\/\/aid-foundation.com\/en\/wp-json\/wp\/v2\/users\/1"}],"replies":[{"embeddable":true,"href":"https:\/\/aid-foundation.com\/en\/wp-json\/wp\/v2\/comments?post=48"}],"version-history":[{"count":70,"href":"https:\/\/aid-foundation.com\/en\/wp-json\/wp\/v2\/pages\/48\/revisions"}],"predecessor-version":[{"id":2603,"href":"https:\/\/aid-foundation.com\/en\/wp-json\/wp\/v2\/pages\/48\/revisions\/2603"}],"wp:attachment":[{"href":"https:\/\/aid-foundation.com\/en\/wp-json\/wp\/v2\/media?parent=48"}],"curies":[{"name":"wp","href":"https:\/\/api.w.org\/{rel}","templated":true}]}}